{"id":303,"date":"2016-03-21T12:25:55","date_gmt":"2016-03-21T11:25:55","guid":{"rendered":"https:\/\/www.zollas.de\/pl\/zollberatung\/"},"modified":"2023-10-19T14:31:52","modified_gmt":"2023-10-19T12:31:52","slug":"doradztwo-celne","status":"publish","type":"page","link":"https:\/\/www.zollas.de\/pl\/doradztwo-celne\/","title":{"rendered":"Doradztwo celne"},"content":{"rendered":"<section class=\"wpb-content-wrapper\"><p>[vc_row bottom=&#8221;90px&#8221; slope_top=&#8221;slope-top&#8221; slope_top_pos=&#8221;slope-top-outside&#8221; slope_top_height=&#8221;50px&#8221; slope_top_color=&#8221;#ffffff&#8221;][vc_column width=&#8221;1\/6&#8243;][\/vc_column][vc_column width=&#8221;3\/6&#8243;][vc_column_text]<\/p>\n<h2>Niezale\u017cne doradztwo celne \u015bwiadczone przez prawdziwych ekspert\u00f3w celnych!<\/h2>\n<p>Nasz zesp\u00f3\u0142 jest do Pa\u0144stwa dyspozycji tak\u017ce w przypadku niecodziennych pyta\u0144 dotycz\u0105cych transgranicznego obrotu towarowego:<\/p>\n<ul>\n<li>regulacje celne dla szczeg\u00f3lnych rodzaj\u00f3w towar\u00f3w (np. stare drewno, z\u0142om miedzi itd.)<\/li>\n<li>r\u00f3\u017cnice w taryfach celnych<\/li>\n<li>formalno\u015bci celne w czynnym\/biernym obrocie uszlachetniaj\u0105cym<\/li>\n<li>doradztwo w wyja\u015bnianiu d\u0142ugu celnego, prowizoryczne odprawy celne (umorzenie lub zwrot nale\u017cno\u015bci przywozowych lub wywozowych)<\/li>\n<li>dopuszczenie do swobodnego obrotu w\u0142\u0105cznie z ulgami lub zwolnieniami dla towar\u00f3w przeznaczonych do szczeg\u00f3lnych zastosowa\u0144 (np. \u201eReversware\u201d czyli towary oclone wed\u0142ug niskich stawek)<\/li>\n<li>procedury tranzytu celnego<\/li>\n<li>wolne obszary celne i sk\u0142ady wolnoc\u0142owe<\/li>\n<\/ul>\n<p>[\/vc_column_text][\/vc_column][vc_column width=&#8221;2\/6&#8243;][vc_single_image image=&#8221;163&#8243; img_size=&#8221;300&#215;200&#8243;][\/vc_column][\/vc_row][vc_row top=&#8221;30px&#8221; bg_type=&#8221;image&#8221; bg_repeat=&#8221;repeat-x&#8221; bg_position=&#8221;&#8221; slope_top=&#8221;slope-top&#8221; slope_top_pos=&#8221;slope-top-outside&#8221; slope_top_height=&#8221;50px&#8221; slope_top_color=&#8221;#005c41&#8243; el_class=&#8221;white&#8221; bg_color=&#8221;#21a47e&#8221; bg_image=&#8221;181&#8243;][vc_column textalign=&#8221;center&#8221;][vc_single_image image=&#8221;151&#8243; img_size=&#8221;175&#215;125&#8243; alignment=&#8221;center&#8221; css=&#8221;.vc_custom_1458577756689{padding-bottom: 25px !important;}&#8221;][vc_column_text css=&#8221;.vc_custom_1535731003322{padding-bottom: 25px !important;}&#8221;]<\/p>\n<h2>Z ch\u0119ci\u0105 udost\u0119pnimy Pa\u0144stwu nasze Know-how.<\/h2>\n<p>Kontaktuj\u0105c si\u0119 z nami oszcz\u0119dzaj\u0105 Pa\u0144stwo czas i pieni\u0105dze!<\/p>\n<p><span style=\"font-weight: 500;\">Telefon w Niemczech: <a href=\"tel:\/\/+497734936590\">+49 7734 \/ 93 65 90<\/a> \u00a0 | \u00a0 Telefon w Szwajcarii: <a href=\"tel:\/\/+41526491080\">+41 52 \/ 64 91 080<\/a> \u00a0 | \u00a0 E-Mail: <a href=\"mailto:info@zollas.de\">info@zollas.de<\/a><\/span>[\/vc_column_text][vc_button title=&#8221;Kontakt z nami!&#8221; size=&#8221;btn-large&#8221; color=&#8221;btn_white&#8221; link=&#8221;url:https%3A%2F%2Fwww.zollas.de%2Fpl%2Fkontakt%2F&#8221;][\/vc_column][\/vc_row]<\/p>\n<\/section>","protected":false},"excerpt":{"rendered":"<p>[vc_row bottom=&#8221;90px&#8221; slope_top=&#8221;slope-top&#8221; slope_top_pos=&#8221;slope-top-outside&#8221; slope_top_height=&#8221;50px&#8221; slope_top_color=&#8221;#ffffff&#8221;][vc_column width=&#8221;1\/6&#8243;][\/vc_column][vc_column width=&#8221;3\/6&#8243;][vc_column_text] Niezale\u017cne doradztwo celne \u015bwiadczone przez prawdziwych ekspert\u00f3w celnych! Nasz zesp\u00f3\u0142 jest do Pa\u0144stwa dyspozycji tak\u017ce w przypadku niecodziennych pyta\u0144 dotycz\u0105cych transgranicznego obrotu towarowego: regulacje celne dla szczeg\u00f3lnych rodzaj\u00f3w towar\u00f3w (np. stare drewno, z\u0142om miedzi itd.) r\u00f3\u017cnice w taryfach celnych formalno\u015bci celne w czynnym\/biernym obrocie uszlachetniaj\u0105cym doradztwo w wyja\u015bnianiu d\u0142ugu celnego, prowizoryczne odprawy celne (umorzenie lub zwrot nale\u017cno\u015bci przywozowych lub wywozowych) dopuszczenie do swobodnego obrotu w\u0142\u0105cznie z ulgami&#8230;  <\/p>\n<div class=\"read-more\"><a class=\"excerpt-read-more\" href=\"https:\/\/www.zollas.de\/pl\/doradztwo-celne\/\" title=\"Continue reading Doradztwo celne\">Read more<i class=\"fa fa-angle-right\"><\/i><\/a><\/div>\n","protected":false},"author":1,"featured_media":0,"parent":0,"menu_order":0,"comment_status":"closed","ping_status":"closed","template":"page-full-width.php","meta":{"inline_featured_image":false,"footnotes":""},"yoast_head":"<!-- This site is optimized with the Yoast SEO plugin v21.4 - https:\/\/yoast.com\/wordpress\/plugins\/seo\/ -->\n<title>Doradztwo celne - Zollas Verzollungen GmbH<\/title>\n<meta name=\"description\" content=\"Jeste\u015bmy do Pa\u0144stwa dyspozycji oferuj\u0105c kompetentne, niezale\u017cne doradztwo celne naszych ekspert\u00f3w w transgranicznym obrocie towarowym.\" \/>\n<meta name=\"robots\" content=\"index, follow, max-snippet:-1, max-image-preview:large, max-video-preview:-1\" \/>\n<link rel=\"canonical\" href=\"https:\/\/www.zollas.de\/pl\/doradztwo-celne\/\" \/>\n<meta property=\"og:locale\" content=\"pl_PL\" \/>\n<meta property=\"og:type\" content=\"article\" \/>\n<meta property=\"og:title\" content=\"Doradztwo celne - Zollas Verzollungen GmbH\" \/>\n<meta property=\"og:description\" content=\"Jeste\u015bmy do Pa\u0144stwa dyspozycji oferuj\u0105c kompetentne, niezale\u017cne doradztwo celne naszych ekspert\u00f3w w transgranicznym obrocie towarowym.\" \/>\n<meta property=\"og:url\" content=\"https:\/\/www.zollas.de\/pl\/doradztwo-celne\/\" \/>\n<meta property=\"og:site_name\" content=\"Zollas Verzollungen GmbH\" \/>\n<meta property=\"article:modified_time\" content=\"2023-10-19T12:31:52+00:00\" \/>\n<meta name=\"twitter:card\" content=\"summary_large_image\" \/>\n<meta name=\"twitter:label1\" content=\"Szacowany czas czytania\" \/>\n\t<meta name=\"twitter:data1\" content=\"1 minuta\" \/>\n<script type=\"application\/ld+json\" class=\"yoast-schema-graph\">{\"@context\":\"https:\/\/schema.org\",\"@graph\":[{\"@type\":\"WebPage\",\"@id\":\"https:\/\/www.zollas.de\/pl\/doradztwo-celne\/\",\"url\":\"https:\/\/www.zollas.de\/pl\/doradztwo-celne\/\",\"name\":\"Doradztwo celne - Zollas Verzollungen GmbH\",\"isPartOf\":{\"@id\":\"https:\/\/www.zollas.de\/pl\/#website\"},\"datePublished\":\"2016-03-21T11:25:55+00:00\",\"dateModified\":\"2023-10-19T12:31:52+00:00\",\"description\":\"Jeste\u015bmy do Pa\u0144stwa dyspozycji oferuj\u0105c kompetentne, niezale\u017cne doradztwo celne naszych ekspert\u00f3w w transgranicznym obrocie towarowym.\",\"breadcrumb\":{\"@id\":\"https:\/\/www.zollas.de\/pl\/doradztwo-celne\/#breadcrumb\"},\"inLanguage\":\"pl-PL\",\"potentialAction\":[{\"@type\":\"ReadAction\",\"target\":[\"https:\/\/www.zollas.de\/pl\/doradztwo-celne\/\"]}]},{\"@type\":\"BreadcrumbList\",\"@id\":\"https:\/\/www.zollas.de\/pl\/doradztwo-celne\/#breadcrumb\",\"itemListElement\":[{\"@type\":\"ListItem\",\"position\":1,\"name\":\"Home\",\"item\":\"https:\/\/www.zollas.de\/pl\/\"},{\"@type\":\"ListItem\",\"position\":2,\"name\":\"Doradztwo celne\"}]},{\"@type\":\"WebSite\",\"@id\":\"https:\/\/www.zollas.de\/pl\/#website\",\"url\":\"https:\/\/www.zollas.de\/pl\/\",\"name\":\"Zollas Verzollungen GmbH\",\"description\":\"\",\"potentialAction\":[{\"@type\":\"SearchAction\",\"target\":{\"@type\":\"EntryPoint\",\"urlTemplate\":\"https:\/\/www.zollas.de\/pl\/?s={search_term_string}\"},\"query-input\":\"required name=search_term_string\"}],\"inLanguage\":\"pl-PL\"}]}<\/script>\n<!-- \/ Yoast SEO plugin. -->","yoast_head_json":{"title":"Doradztwo celne - Zollas Verzollungen GmbH","description":"Jeste\u015bmy do Pa\u0144stwa dyspozycji oferuj\u0105c kompetentne, niezale\u017cne doradztwo celne naszych ekspert\u00f3w w transgranicznym obrocie towarowym.","robots":{"index":"index","follow":"follow","max-snippet":"max-snippet:-1","max-image-preview":"max-image-preview:large","max-video-preview":"max-video-preview:-1"},"canonical":"https:\/\/www.zollas.de\/pl\/doradztwo-celne\/","og_locale":"pl_PL","og_type":"article","og_title":"Doradztwo celne - Zollas Verzollungen GmbH","og_description":"Jeste\u015bmy do Pa\u0144stwa dyspozycji oferuj\u0105c kompetentne, niezale\u017cne doradztwo celne naszych ekspert\u00f3w w transgranicznym obrocie towarowym.","og_url":"https:\/\/www.zollas.de\/pl\/doradztwo-celne\/","og_site_name":"Zollas Verzollungen GmbH","article_modified_time":"2023-10-19T12:31:52+00:00","twitter_card":"summary_large_image","twitter_misc":{"Szacowany czas czytania":"1 minuta"},"schema":{"@context":"https:\/\/schema.org","@graph":[{"@type":"WebPage","@id":"https:\/\/www.zollas.de\/pl\/doradztwo-celne\/","url":"https:\/\/www.zollas.de\/pl\/doradztwo-celne\/","name":"Doradztwo celne - Zollas Verzollungen GmbH","isPartOf":{"@id":"https:\/\/www.zollas.de\/pl\/#website"},"datePublished":"2016-03-21T11:25:55+00:00","dateModified":"2023-10-19T12:31:52+00:00","description":"Jeste\u015bmy do Pa\u0144stwa dyspozycji oferuj\u0105c kompetentne, niezale\u017cne doradztwo celne naszych ekspert\u00f3w w transgranicznym obrocie towarowym.","breadcrumb":{"@id":"https:\/\/www.zollas.de\/pl\/doradztwo-celne\/#breadcrumb"},"inLanguage":"pl-PL","potentialAction":[{"@type":"ReadAction","target":["https:\/\/www.zollas.de\/pl\/doradztwo-celne\/"]}]},{"@type":"BreadcrumbList","@id":"https:\/\/www.zollas.de\/pl\/doradztwo-celne\/#breadcrumb","itemListElement":[{"@type":"ListItem","position":1,"name":"Home","item":"https:\/\/www.zollas.de\/pl\/"},{"@type":"ListItem","position":2,"name":"Doradztwo celne"}]},{"@type":"WebSite","@id":"https:\/\/www.zollas.de\/pl\/#website","url":"https:\/\/www.zollas.de\/pl\/","name":"Zollas Verzollungen GmbH","description":"","potentialAction":[{"@type":"SearchAction","target":{"@type":"EntryPoint","urlTemplate":"https:\/\/www.zollas.de\/pl\/?s={search_term_string}"},"query-input":"required name=search_term_string"}],"inLanguage":"pl-PL"}]}},"_links":{"self":[{"href":"https:\/\/www.zollas.de\/pl\/wp-json\/wp\/v2\/pages\/303"}],"collection":[{"href":"https:\/\/www.zollas.de\/pl\/wp-json\/wp\/v2\/pages"}],"about":[{"href":"https:\/\/www.zollas.de\/pl\/wp-json\/wp\/v2\/types\/page"}],"author":[{"embeddable":true,"href":"https:\/\/www.zollas.de\/pl\/wp-json\/wp\/v2\/users\/1"}],"replies":[{"embeddable":true,"href":"https:\/\/www.zollas.de\/pl\/wp-json\/wp\/v2\/comments?post=303"}],"version-history":[{"count":9,"href":"https:\/\/www.zollas.de\/pl\/wp-json\/wp\/v2\/pages\/303\/revisions"}],"predecessor-version":[{"id":967,"href":"https:\/\/www.zollas.de\/pl\/wp-json\/wp\/v2\/pages\/303\/revisions\/967"}],"wp:attachment":[{"href":"https:\/\/www.zollas.de\/pl\/wp-json\/wp\/v2\/media?parent=303"}],"curies":[{"name":"wp","href":"https:\/\/api.w.org\/{rel}","templated":true}]}}