{"id":307,"date":"2016-03-21T12:12:51","date_gmt":"2016-03-21T11:12:51","guid":{"rendered":"https:\/\/www.zollas.de\/pl\/zollabwicklung\/"},"modified":"2023-10-19T14:32:45","modified_gmt":"2023-10-19T12:32:45","slug":"obsluga-celna","status":"publish","type":"page","link":"https:\/\/www.zollas.de\/pl\/obsluga-celna\/","title":{"rendered":"Obs\u0142uga celna"},"content":{"rendered":"<section class=\"wpb-content-wrapper\"><p>[vc_row bottom=&#8221;90px&#8221; slope_top=&#8221;slope-top&#8221; slope_top_pos=&#8221;slope-top-outside&#8221; slope_top_height=&#8221;50px&#8221; bg_color=&#8221;#e8f5f2&#8243; slope_top_color=&#8221;#e8f5f2&#8243;][vc_column width=&#8221;1\/6&#8243;][\/vc_column][vc_column width=&#8221;3\/6&#8243;][vc_column_text]<\/p>\n<h2>Otwieramy dla Pa\u0144stwa granice!<\/h2>\n<p>Za\u0142atwimy dla Pa\u0144stwa wszystkie formalno\u015bci i dokumenty, kt\u00f3re wymagane s\u0105 przy odprawie celnej w imporcie i eksporcie w transgranicznym obrocie towarowym. Przy tym gwarantujemy naszym klientom zawsze wi\u0119cej ni\u017c przeci\u0119tne us\u0142ugi, aby zapewni\u0107 d\u0142ugoterminow\u0105, konstruktywn\u0105 i partnersk\u0105 wsp\u00f3\u0142prac\u0119.[\/vc_column_text][\/vc_column][vc_column width=&#8221;2\/6&#8243;][vc_single_image image=&#8221;165&#8243; img_size=&#8221;300&#215;200&#8243;][\/vc_column][\/vc_row][vc_row bottom=&#8221;90px&#8221; slope_top=&#8221;slope-top&#8221; slope_top_pos=&#8221;slope-top-outside&#8221; slope_top_height=&#8221;50px&#8221; slope_top_color=&#8221;#ffffff&#8221;][vc_column width=&#8221;1\/6&#8243;][\/vc_column][vc_column width=&#8221;4\/6&#8243;][vc_column_text]<\/p>\n<h3>Nasz kompleksowy serwis w zakresie niezale\u017cnej obs\u0142ugi celnej obejmuje:<\/h3>\n<ul>\n<li>prowadzenie wszelkich negocjacji z urz\u0119dami celnymi, w\u0142\u0105cznie z wyja\u015bnianiem r\u00f3\u017cnic taryf celnych, rewizj\u0105 celn\u0105<\/li>\n<li>odprawy w procedurze T1\/T2 w ca\u0142ej Europie<\/li>\n<li>procedura oclenia UE<\/li>\n<li>sporz\u0105dzanie szwajcarskiego dokumentu celnego na bezc\u0142owy czasowy przyw\u00f3z lub wyw\u00f3z towar\u00f3w (\u201eFreipass\u201d)<\/li>\n<li>czasowy przyw\u00f3z i wyw\u00f3z<\/li>\n<li>sporz\u0105dzanie szwajcarskiego dokumentu tranzytowego (\u201eGeleitschein\u201d)<\/li>\n<li>prowizoryczne oclenia<\/li>\n<li>oszcz\u0119dno\u015b\u0107 czasu i koszt\u00f3w dzi\u0119ki uproszczonym procedurom celnym<\/li>\n<li>sk\u0142adanie zg\u0142osze\u0144 w urz\u0119dach (np. zg\u0142osze\u0144 do systemu INTRASTAT)<\/li>\n<li>sk\u0142adanie zg\u0142osze\u0144 wywozowych w urz\u0119dach celnych wewn\u0119trznych (w systemie ATLAS-Wyw\u00f3z) w procedurze dwustopniowej lub bezpo\u015brednio na granicy w procedurze jednostopniowej<\/li>\n<li>sporz\u0105dzanie \u015bwiadectw pochodzenia (Form A, EUR1, i in.)<\/li>\n<li>niezale\u017cne oclenie na wszystkich granicach p\u00f3\u0142nocnej Szwajcarii \u2013 od Bazylei po Lustenau \u2013 dzi\u0119ki <a href=\"https:\/\/www.zollas.de\/pl\/partnerzy\/\">wsp\u00f3\u0142pracy z partnerami<\/a><\/li>\n<\/ul>\n<p>[\/vc_column_text][\/vc_column][vc_column width=&#8221;1\/6&#8243;][\/vc_column][\/vc_row][vc_row top=&#8221;30px&#8221; bg_type=&#8221;image&#8221; bg_repeat=&#8221;repeat-x&#8221; bg_position=&#8221;&#8221; slope_top=&#8221;slope-top&#8221; slope_top_pos=&#8221;slope-top-outside&#8221; slope_top_height=&#8221;50px&#8221; bg_color=&#8221;#21a47e&#8221; slope_top_color=&#8221;#005c41&#8243; el_class=&#8221;white&#8221; bg_image=&#8221;181&#8243;][vc_column textalign=&#8221;center&#8221;][vc_single_image image=&#8221;151&#8243; img_size=&#8221;175&#215;125&#8243; alignment=&#8221;center&#8221; css=&#8221;.vc_custom_1458576763224{padding-bottom: 25px !important;}&#8221;][vc_column_text css=&#8221;.vc_custom_1535730940037{padding-bottom: 25px !important;}&#8221;]<\/p>\n<h2>Jak mo\u017cemy Pa\u0144stwa wesprze\u0107?<\/h2>\n<p>S\u0142u\u017cymy pomoc\u0105 w obs\u0142udze celnej transgranicznego obrotu towarowego!<\/p>\n<p><span style=\"font-weight: 500;\">Telefon w Niemczech: <a href=\"tel:\/\/+497734936590\">+49 7734 \/ 93 65 90<\/a> \u00a0 | \u00a0 Telefon w Szwajcarii: <a href=\"tel:\/\/+41526491080\">+41 52 \/ 64 91 080<\/a> \u00a0 | \u00a0 E-Mail: <a href=\"mailto:info@zollas.de\">info@zollas.de<\/a><\/span>[\/vc_column_text][vc_button title=&#8221;Kontakt z nami!&#8221; size=&#8221;btn-large&#8221; color=&#8221;btn_white&#8221; link=&#8221;url:https%3A%2F%2Fwww.zollas.de%2Fpl%2Fkontakt%2F&#8221;][\/vc_column][\/vc_row]<\/p>\n<\/section>","protected":false},"excerpt":{"rendered":"<p>[vc_row bottom=&#8221;90px&#8221; slope_top=&#8221;slope-top&#8221; slope_top_pos=&#8221;slope-top-outside&#8221; slope_top_height=&#8221;50px&#8221; bg_color=&#8221;#e8f5f2&#8243; slope_top_color=&#8221;#e8f5f2&#8243;][vc_column width=&#8221;1\/6&#8243;][\/vc_column][vc_column width=&#8221;3\/6&#8243;][vc_column_text] Otwieramy dla Pa\u0144stwa granice! Za\u0142atwimy dla Pa\u0144stwa wszystkie formalno\u015bci i dokumenty, kt\u00f3re wymagane s\u0105 przy odprawie celnej w imporcie i eksporcie w transgranicznym obrocie towarowym. Przy tym gwarantujemy naszym klientom zawsze wi\u0119cej ni\u017c przeci\u0119tne us\u0142ugi, aby zapewni\u0107 d\u0142ugoterminow\u0105, konstruktywn\u0105 i partnersk\u0105 wsp\u00f3\u0142prac\u0119.[\/vc_column_text][\/vc_column][vc_column width=&#8221;2\/6&#8243;][vc_single_image image=&#8221;165&#8243; img_size=&#8221;300&#215;200&#8243;][\/vc_column][\/vc_row][vc_row bottom=&#8221;90px&#8221; slope_top=&#8221;slope-top&#8221; slope_top_pos=&#8221;slope-top-outside&#8221; slope_top_height=&#8221;50px&#8221; slope_top_color=&#8221;#ffffff&#8221;][vc_column width=&#8221;1\/6&#8243;][\/vc_column][vc_column width=&#8221;4\/6&#8243;][vc_column_text] Nasz kompleksowy serwis w zakresie niezale\u017cnej obs\u0142ugi celnej obejmuje: prowadzenie wszelkich negocjacji z urz\u0119dami&#8230;  <\/p>\n<div class=\"read-more\"><a class=\"excerpt-read-more\" href=\"https:\/\/www.zollas.de\/pl\/obsluga-celna\/\" title=\"Continue reading Obs\u0142uga celna\">Read more<i class=\"fa fa-angle-right\"><\/i><\/a><\/div>\n","protected":false},"author":1,"featured_media":0,"parent":0,"menu_order":0,"comment_status":"closed","ping_status":"closed","template":"page-full-width.php","meta":{"inline_featured_image":false,"footnotes":""},"yoast_head":"<!-- This site is optimized with the Yoast SEO plugin v21.4 - https:\/\/yoast.com\/wordpress\/plugins\/seo\/ -->\n<title>Obs\u0142uga celna - Zollas Verzollungen GmbH<\/title>\n<meta name=\"description\" content=\"Zollas za\u0142atwi dla Pa\u0144stwa wszystkie formalno\u015bci i dokumenty, kt\u00f3re wymagane s\u0105 przy odprawie celnej.\" \/>\n<meta name=\"robots\" content=\"index, follow, max-snippet:-1, max-image-preview:large, max-video-preview:-1\" \/>\n<link rel=\"canonical\" href=\"https:\/\/www.zollas.de\/pl\/obsluga-celna\/\" \/>\n<meta property=\"og:locale\" content=\"pl_PL\" \/>\n<meta property=\"og:type\" content=\"article\" \/>\n<meta property=\"og:title\" content=\"Obs\u0142uga celna - Zollas Verzollungen GmbH\" \/>\n<meta property=\"og:description\" content=\"Zollas za\u0142atwi dla Pa\u0144stwa wszystkie formalno\u015bci i dokumenty, kt\u00f3re wymagane s\u0105 przy odprawie celnej.\" \/>\n<meta property=\"og:url\" content=\"https:\/\/www.zollas.de\/pl\/obsluga-celna\/\" \/>\n<meta property=\"og:site_name\" content=\"Zollas Verzollungen GmbH\" \/>\n<meta property=\"article:modified_time\" content=\"2023-10-19T12:32:45+00:00\" \/>\n<meta name=\"twitter:card\" content=\"summary_large_image\" \/>\n<meta name=\"twitter:label1\" content=\"Szacowany czas czytania\" \/>\n\t<meta name=\"twitter:data1\" content=\"2 minuty\" \/>\n<script type=\"application\/ld+json\" class=\"yoast-schema-graph\">{\"@context\":\"https:\/\/schema.org\",\"@graph\":[{\"@type\":\"WebPage\",\"@id\":\"https:\/\/www.zollas.de\/pl\/obsluga-celna\/\",\"url\":\"https:\/\/www.zollas.de\/pl\/obsluga-celna\/\",\"name\":\"Obs\u0142uga celna - Zollas Verzollungen GmbH\",\"isPartOf\":{\"@id\":\"https:\/\/www.zollas.de\/pl\/#website\"},\"datePublished\":\"2016-03-21T11:12:51+00:00\",\"dateModified\":\"2023-10-19T12:32:45+00:00\",\"description\":\"Zollas za\u0142atwi dla Pa\u0144stwa wszystkie formalno\u015bci i dokumenty, kt\u00f3re wymagane s\u0105 przy odprawie celnej.\",\"breadcrumb\":{\"@id\":\"https:\/\/www.zollas.de\/pl\/obsluga-celna\/#breadcrumb\"},\"inLanguage\":\"pl-PL\",\"potentialAction\":[{\"@type\":\"ReadAction\",\"target\":[\"https:\/\/www.zollas.de\/pl\/obsluga-celna\/\"]}]},{\"@type\":\"BreadcrumbList\",\"@id\":\"https:\/\/www.zollas.de\/pl\/obsluga-celna\/#breadcrumb\",\"itemListElement\":[{\"@type\":\"ListItem\",\"position\":1,\"name\":\"Home\",\"item\":\"https:\/\/www.zollas.de\/pl\/\"},{\"@type\":\"ListItem\",\"position\":2,\"name\":\"Obs\u0142uga celna\"}]},{\"@type\":\"WebSite\",\"@id\":\"https:\/\/www.zollas.de\/pl\/#website\",\"url\":\"https:\/\/www.zollas.de\/pl\/\",\"name\":\"Zollas Verzollungen GmbH\",\"description\":\"\",\"potentialAction\":[{\"@type\":\"SearchAction\",\"target\":{\"@type\":\"EntryPoint\",\"urlTemplate\":\"https:\/\/www.zollas.de\/pl\/?s={search_term_string}\"},\"query-input\":\"required name=search_term_string\"}],\"inLanguage\":\"pl-PL\"}]}<\/script>\n<!-- \/ Yoast SEO plugin. -->","yoast_head_json":{"title":"Obs\u0142uga celna - Zollas Verzollungen GmbH","description":"Zollas za\u0142atwi dla Pa\u0144stwa wszystkie formalno\u015bci i dokumenty, kt\u00f3re wymagane s\u0105 przy odprawie celnej.","robots":{"index":"index","follow":"follow","max-snippet":"max-snippet:-1","max-image-preview":"max-image-preview:large","max-video-preview":"max-video-preview:-1"},"canonical":"https:\/\/www.zollas.de\/pl\/obsluga-celna\/","og_locale":"pl_PL","og_type":"article","og_title":"Obs\u0142uga celna - Zollas Verzollungen GmbH","og_description":"Zollas za\u0142atwi dla Pa\u0144stwa wszystkie formalno\u015bci i dokumenty, kt\u00f3re wymagane s\u0105 przy odprawie celnej.","og_url":"https:\/\/www.zollas.de\/pl\/obsluga-celna\/","og_site_name":"Zollas Verzollungen GmbH","article_modified_time":"2023-10-19T12:32:45+00:00","twitter_card":"summary_large_image","twitter_misc":{"Szacowany czas czytania":"2 minuty"},"schema":{"@context":"https:\/\/schema.org","@graph":[{"@type":"WebPage","@id":"https:\/\/www.zollas.de\/pl\/obsluga-celna\/","url":"https:\/\/www.zollas.de\/pl\/obsluga-celna\/","name":"Obs\u0142uga celna - Zollas Verzollungen GmbH","isPartOf":{"@id":"https:\/\/www.zollas.de\/pl\/#website"},"datePublished":"2016-03-21T11:12:51+00:00","dateModified":"2023-10-19T12:32:45+00:00","description":"Zollas za\u0142atwi dla Pa\u0144stwa wszystkie formalno\u015bci i dokumenty, kt\u00f3re wymagane s\u0105 przy odprawie celnej.","breadcrumb":{"@id":"https:\/\/www.zollas.de\/pl\/obsluga-celna\/#breadcrumb"},"inLanguage":"pl-PL","potentialAction":[{"@type":"ReadAction","target":["https:\/\/www.zollas.de\/pl\/obsluga-celna\/"]}]},{"@type":"BreadcrumbList","@id":"https:\/\/www.zollas.de\/pl\/obsluga-celna\/#breadcrumb","itemListElement":[{"@type":"ListItem","position":1,"name":"Home","item":"https:\/\/www.zollas.de\/pl\/"},{"@type":"ListItem","position":2,"name":"Obs\u0142uga celna"}]},{"@type":"WebSite","@id":"https:\/\/www.zollas.de\/pl\/#website","url":"https:\/\/www.zollas.de\/pl\/","name":"Zollas Verzollungen GmbH","description":"","potentialAction":[{"@type":"SearchAction","target":{"@type":"EntryPoint","urlTemplate":"https:\/\/www.zollas.de\/pl\/?s={search_term_string}"},"query-input":"required name=search_term_string"}],"inLanguage":"pl-PL"}]}},"_links":{"self":[{"href":"https:\/\/www.zollas.de\/pl\/wp-json\/wp\/v2\/pages\/307"}],"collection":[{"href":"https:\/\/www.zollas.de\/pl\/wp-json\/wp\/v2\/pages"}],"about":[{"href":"https:\/\/www.zollas.de\/pl\/wp-json\/wp\/v2\/types\/page"}],"author":[{"embeddable":true,"href":"https:\/\/www.zollas.de\/pl\/wp-json\/wp\/v2\/users\/1"}],"replies":[{"embeddable":true,"href":"https:\/\/www.zollas.de\/pl\/wp-json\/wp\/v2\/comments?post=307"}],"version-history":[{"count":10,"href":"https:\/\/www.zollas.de\/pl\/wp-json\/wp\/v2\/pages\/307\/revisions"}],"predecessor-version":[{"id":968,"href":"https:\/\/www.zollas.de\/pl\/wp-json\/wp\/v2\/pages\/307\/revisions\/968"}],"wp:attachment":[{"href":"https:\/\/www.zollas.de\/pl\/wp-json\/wp\/v2\/media?parent=307"}],"curies":[{"name":"wp","href":"https:\/\/api.w.org\/{rel}","templated":true}]}}