{"id":312,"date":"2016-03-21T11:50:24","date_gmt":"2016-03-21T10:50:24","guid":{"rendered":"https:\/\/www.zollas.de\/pl\/wir-ueber-uns\/"},"modified":"2016-04-08T12:07:41","modified_gmt":"2016-04-08T10:07:41","slug":"my-o-nas","status":"publish","type":"page","link":"https:\/\/www.zollas.de\/pl\/my-o-nas\/","title":{"rendered":"My o nas"},"content":{"rendered":"<section class=\"wpb-content-wrapper\"><p>[vc_row bottom=&#8221;90px&#8221; slope_top=&#8221;slope-top&#8221; slope_top_pos=&#8221;slope-top-outside&#8221; slope_top_height=&#8221;50px&#8221; bg_color=&#8221;#e8f5f2&#8243; slope_top_color=&#8221;#e8f5f2&#8243;][vc_column width=&#8221;1\/6&#8243;][\/vc_column][vc_column width=&#8221;3\/6&#8243;][vc_column_text]<\/p>\n<h2>Na drodze sukcesu od 1987<\/h2>\n<p>Specjalistyczna wiedza, najnowsza technologia i ukierunkowanie na klienta wpisuj\u0105 si\u0119 w nasz\u0105 dzia\u0142alno\u015b\u0107 ju\u017c od prawie 30 lat. Od samego pocz\u0105tku jeste\u015bmy rodzinnym przedsi\u0119biorstwem i dzia\u0142amy wy\u0142\u0105cznie jako ca\u0142kowicie bezstronna i niezale\u017cna agencja celna na granicy szwajcarskiej.[\/vc_column_text][\/vc_column][vc_column width=&#8221;2\/6&#8243;][vc_single_image image=&#8221;164&#8243; img_size=&#8221;300&#215;200&#8243;][\/vc_column][\/vc_row][vc_row bottom=&#8221;90px&#8221; slope_top=&#8221;slope-top&#8221; slope_top_pos=&#8221;slope-top-outside&#8221; slope_top_height=&#8221;50px&#8221; slope_top_color=&#8221;#ffffff&#8221;][vc_column width=&#8221;1\/6&#8243;][\/vc_column][vc_column width=&#8221;4\/6&#8243;][vc_column_text]<\/p>\n<h3>Jak si\u0119 wszystko zacz\u0119\u0142o\u2026<\/h3>\n<p>W roku 1963 za\u0142o\u017cyciel firmy Max Porzig ko\u0144czy z powodzeniem kszta\u0142cenie jako spedytor i od tej pory nieprzerwanie pracuje w r\u00f3\u017cnych firmach spedycyjnych zajmuj\u0105c si\u0119 zawsze kwestiami celnymi. Wraz z przy\u0142\u0105czeniem autostrady A81 Stuttgart-Schaffhausen do granicy pojawi\u0142a si\u0119 pod koniec lat 80-tych szansa na za\u0142o\u017cenie w\u0142asnej dzia\u0142alno\u015bci gospodarczej.<\/p>\n<p>Do tego czasu jedynym wi\u0119kszym przej\u015bciem granicznym ze Szwajcari\u0105 by\u0142a ca\u0142kowicie przeci\u0105\u017cona Bazylea, i Bietingen\/Thayngen jawi\u0142o si\u0119 jako odpowiednio dobra alternatywa.<\/p>\n<p>Max i Sylvia Porzig wykazali si\u0119 w\u0142a\u015bciwym wyczuciem dla wyzwa\u0144, kt\u00f3re wynik\u0142y z rozszerzenia przej\u015bcia granicznego. Zawsze byli o krok do przodu, zawsze byli o krok szybsi i jako pierwsi najemcy zapewnili sobie pomieszczenia w dawnym urz\u0119dzie celnym w Bietingen. Tam rodzina Zollas by\u0142a w centrum wydarze\u0144.<\/p>\n<p>Ju\u017c po kr\u00f3tkim czasie nast\u0105pi\u0142 b\u0142yskawiczny rozw\u00f3j, coraz wi\u0119cej firm przewozowych cieszy\u0142o si\u0119 z tego, \u017ce ich sprawy by\u0142y u nas za\u0142atwiane niezawodnie i na dobrych warunkach! Do dzisiaj jeste\u015bmy wczesnym rankiem jako pierwsi i p\u00f3\u017anym wieczorem jako ostatni w pracy, a dy\u017cury sobotnie by\u0142y i s\u0105 dla nas oczywisto\u015bci\u0105![\/vc_column_text][\/vc_column][vc_column width=&#8221;1\/6&#8243;][\/vc_column][\/vc_row][vc_row bottom=&#8221;90px&#8221; slope_top=&#8221;slope-top&#8221; slope_top_pos=&#8221;slope-top-outside&#8221; slope_top_height=&#8221;50px&#8221; bg_color=&#8221;#e8f5f2&#8243; slope_top_color=&#8221;#e8f5f2&#8243;][vc_column width=&#8221;1\/6&#8243;][\/vc_column][vc_column width=&#8221;4\/6&#8243;][vc_column_text]<\/p>\n<h3>Nasza filozofia \u2026<\/h3>\n<p>Czujemy i dzia\u0142amy po my\u015bli przedsi\u0119biorstw \u015bredniej wielko\u015bci. Zesp\u00f3\u0142 Zollas mo\u017ce pochwali\u0107 si\u0119 ponad 20 pracownikami w r\u00f3\u017cnych siedzibach firmy! W\u015br\u00f3d nich s\u0105 r\u00f3wnie\u017c Diana Porzig oraz Iris Porzig-Erny, kt\u00f3re tak\u017ce w przysz\u0142o\u015bci b\u0119d\u0105 wciela\u0107 w \u017cycie filozofi\u0119 firmy: niezawodnie, kompetentnie, niezale\u017cnie i zawsze w interesie klienta![\/vc_column_text][\/vc_column][vc_column width=&#8221;1\/6&#8243;][\/vc_column][\/vc_row]<\/p>\n<\/section>","protected":false},"excerpt":{"rendered":"<p>[vc_row bottom=&#8221;90px&#8221; slope_top=&#8221;slope-top&#8221; slope_top_pos=&#8221;slope-top-outside&#8221; slope_top_height=&#8221;50px&#8221; bg_color=&#8221;#e8f5f2&#8243; slope_top_color=&#8221;#e8f5f2&#8243;][vc_column width=&#8221;1\/6&#8243;][\/vc_column][vc_column width=&#8221;3\/6&#8243;][vc_column_text] Na drodze sukcesu od 1987 Specjalistyczna wiedza, najnowsza technologia i ukierunkowanie na klienta wpisuj\u0105 si\u0119 w nasz\u0105 dzia\u0142alno\u015b\u0107 ju\u017c od prawie 30 lat. Od samego pocz\u0105tku jeste\u015bmy rodzinnym przedsi\u0119biorstwem i dzia\u0142amy wy\u0142\u0105cznie jako ca\u0142kowicie bezstronna i niezale\u017cna agencja celna na granicy szwajcarskiej.[\/vc_column_text][\/vc_column][vc_column width=&#8221;2\/6&#8243;][vc_single_image image=&#8221;164&#8243; img_size=&#8221;300&#215;200&#8243;][\/vc_column][\/vc_row][vc_row bottom=&#8221;90px&#8221; slope_top=&#8221;slope-top&#8221; slope_top_pos=&#8221;slope-top-outside&#8221; slope_top_height=&#8221;50px&#8221; slope_top_color=&#8221;#ffffff&#8221;][vc_column width=&#8221;1\/6&#8243;][\/vc_column][vc_column width=&#8221;4\/6&#8243;][vc_column_text] Jak si\u0119 wszystko zacz\u0119\u0142o\u2026 W roku 1963 za\u0142o\u017cyciel firmy Max Porzig ko\u0144czy z powodzeniem&#8230;  <\/p>\n<div class=\"read-more\"><a class=\"excerpt-read-more\" href=\"https:\/\/www.zollas.de\/pl\/my-o-nas\/\" title=\"Continue reading My o nas\">Read more<i class=\"fa fa-angle-right\"><\/i><\/a><\/div>\n","protected":false},"author":1,"featured_media":0,"parent":0,"menu_order":0,"comment_status":"closed","ping_status":"closed","template":"page-full-width.php","meta":{"inline_featured_image":false,"footnotes":""},"yoast_head":"<!-- This site is optimized with the Yoast SEO plugin v21.4 - https:\/\/yoast.com\/wordpress\/plugins\/seo\/ -->\n<title>My o nas - Zollas Verzollungen GmbH<\/title>\n<meta name=\"description\" content=\"Zollas Verzollungen GmbH to rodzinne przedsi\u0119biorstwo dzia\u0142aj\u0105ce wy\u0142\u0105cznie jako ca\u0142kowicie bezstronna i niezale\u017cna agencja celna na granicy szwajcarskiej.\" \/>\n<meta name=\"robots\" content=\"index, follow, max-snippet:-1, max-image-preview:large, max-video-preview:-1\" \/>\n<link rel=\"canonical\" href=\"https:\/\/www.zollas.de\/pl\/my-o-nas\/\" \/>\n<meta property=\"og:locale\" content=\"pl_PL\" \/>\n<meta property=\"og:type\" content=\"article\" \/>\n<meta property=\"og:title\" content=\"My o nas - Zollas Verzollungen GmbH\" \/>\n<meta property=\"og:description\" content=\"Zollas Verzollungen GmbH to rodzinne przedsi\u0119biorstwo dzia\u0142aj\u0105ce wy\u0142\u0105cznie jako ca\u0142kowicie bezstronna i niezale\u017cna agencja celna na granicy szwajcarskiej.\" \/>\n<meta property=\"og:url\" content=\"https:\/\/www.zollas.de\/pl\/my-o-nas\/\" \/>\n<meta property=\"og:site_name\" content=\"Zollas Verzollungen GmbH\" \/>\n<meta property=\"article:modified_time\" content=\"2016-04-08T10:07:41+00:00\" \/>\n<meta name=\"twitter:card\" content=\"summary_large_image\" \/>\n<meta name=\"twitter:label1\" content=\"Szacowany czas czytania\" \/>\n\t<meta name=\"twitter:data1\" content=\"2 minuty\" \/>\n<script type=\"application\/ld+json\" class=\"yoast-schema-graph\">{\"@context\":\"https:\/\/schema.org\",\"@graph\":[{\"@type\":\"WebPage\",\"@id\":\"https:\/\/www.zollas.de\/pl\/my-o-nas\/\",\"url\":\"https:\/\/www.zollas.de\/pl\/my-o-nas\/\",\"name\":\"My o nas - Zollas Verzollungen GmbH\",\"isPartOf\":{\"@id\":\"https:\/\/www.zollas.de\/pl\/#website\"},\"datePublished\":\"2016-03-21T10:50:24+00:00\",\"dateModified\":\"2016-04-08T10:07:41+00:00\",\"description\":\"Zollas Verzollungen GmbH to rodzinne przedsi\u0119biorstwo dzia\u0142aj\u0105ce wy\u0142\u0105cznie jako ca\u0142kowicie bezstronna i niezale\u017cna agencja celna na granicy szwajcarskiej.\",\"breadcrumb\":{\"@id\":\"https:\/\/www.zollas.de\/pl\/my-o-nas\/#breadcrumb\"},\"inLanguage\":\"pl-PL\",\"potentialAction\":[{\"@type\":\"ReadAction\",\"target\":[\"https:\/\/www.zollas.de\/pl\/my-o-nas\/\"]}]},{\"@type\":\"BreadcrumbList\",\"@id\":\"https:\/\/www.zollas.de\/pl\/my-o-nas\/#breadcrumb\",\"itemListElement\":[{\"@type\":\"ListItem\",\"position\":1,\"name\":\"Home\",\"item\":\"https:\/\/www.zollas.de\/pl\/\"},{\"@type\":\"ListItem\",\"position\":2,\"name\":\"My o nas\"}]},{\"@type\":\"WebSite\",\"@id\":\"https:\/\/www.zollas.de\/pl\/#website\",\"url\":\"https:\/\/www.zollas.de\/pl\/\",\"name\":\"Zollas Verzollungen GmbH\",\"description\":\"\",\"potentialAction\":[{\"@type\":\"SearchAction\",\"target\":{\"@type\":\"EntryPoint\",\"urlTemplate\":\"https:\/\/www.zollas.de\/pl\/?s={search_term_string}\"},\"query-input\":\"required name=search_term_string\"}],\"inLanguage\":\"pl-PL\"}]}<\/script>\n<!-- \/ Yoast SEO plugin. -->","yoast_head_json":{"title":"My o nas - Zollas Verzollungen GmbH","description":"Zollas Verzollungen GmbH to rodzinne przedsi\u0119biorstwo dzia\u0142aj\u0105ce wy\u0142\u0105cznie jako ca\u0142kowicie bezstronna i niezale\u017cna agencja celna na granicy szwajcarskiej.","robots":{"index":"index","follow":"follow","max-snippet":"max-snippet:-1","max-image-preview":"max-image-preview:large","max-video-preview":"max-video-preview:-1"},"canonical":"https:\/\/www.zollas.de\/pl\/my-o-nas\/","og_locale":"pl_PL","og_type":"article","og_title":"My o nas - Zollas Verzollungen GmbH","og_description":"Zollas Verzollungen GmbH to rodzinne przedsi\u0119biorstwo dzia\u0142aj\u0105ce wy\u0142\u0105cznie jako ca\u0142kowicie bezstronna i niezale\u017cna agencja celna na granicy szwajcarskiej.","og_url":"https:\/\/www.zollas.de\/pl\/my-o-nas\/","og_site_name":"Zollas Verzollungen GmbH","article_modified_time":"2016-04-08T10:07:41+00:00","twitter_card":"summary_large_image","twitter_misc":{"Szacowany czas czytania":"2 minuty"},"schema":{"@context":"https:\/\/schema.org","@graph":[{"@type":"WebPage","@id":"https:\/\/www.zollas.de\/pl\/my-o-nas\/","url":"https:\/\/www.zollas.de\/pl\/my-o-nas\/","name":"My o nas - Zollas Verzollungen GmbH","isPartOf":{"@id":"https:\/\/www.zollas.de\/pl\/#website"},"datePublished":"2016-03-21T10:50:24+00:00","dateModified":"2016-04-08T10:07:41+00:00","description":"Zollas Verzollungen GmbH to rodzinne przedsi\u0119biorstwo dzia\u0142aj\u0105ce wy\u0142\u0105cznie jako ca\u0142kowicie bezstronna i niezale\u017cna agencja celna na granicy szwajcarskiej.","breadcrumb":{"@id":"https:\/\/www.zollas.de\/pl\/my-o-nas\/#breadcrumb"},"inLanguage":"pl-PL","potentialAction":[{"@type":"ReadAction","target":["https:\/\/www.zollas.de\/pl\/my-o-nas\/"]}]},{"@type":"BreadcrumbList","@id":"https:\/\/www.zollas.de\/pl\/my-o-nas\/#breadcrumb","itemListElement":[{"@type":"ListItem","position":1,"name":"Home","item":"https:\/\/www.zollas.de\/pl\/"},{"@type":"ListItem","position":2,"name":"My o nas"}]},{"@type":"WebSite","@id":"https:\/\/www.zollas.de\/pl\/#website","url":"https:\/\/www.zollas.de\/pl\/","name":"Zollas Verzollungen GmbH","description":"","potentialAction":[{"@type":"SearchAction","target":{"@type":"EntryPoint","urlTemplate":"https:\/\/www.zollas.de\/pl\/?s={search_term_string}"},"query-input":"required name=search_term_string"}],"inLanguage":"pl-PL"}]}},"_links":{"self":[{"href":"https:\/\/www.zollas.de\/pl\/wp-json\/wp\/v2\/pages\/312"}],"collection":[{"href":"https:\/\/www.zollas.de\/pl\/wp-json\/wp\/v2\/pages"}],"about":[{"href":"https:\/\/www.zollas.de\/pl\/wp-json\/wp\/v2\/types\/page"}],"author":[{"embeddable":true,"href":"https:\/\/www.zollas.de\/pl\/wp-json\/wp\/v2\/users\/1"}],"replies":[{"embeddable":true,"href":"https:\/\/www.zollas.de\/pl\/wp-json\/wp\/v2\/comments?post=312"}],"version-history":[{"count":1,"href":"https:\/\/www.zollas.de\/pl\/wp-json\/wp\/v2\/pages\/312\/revisions"}],"predecessor-version":[{"id":313,"href":"https:\/\/www.zollas.de\/pl\/wp-json\/wp\/v2\/pages\/312\/revisions\/313"}],"wp:attachment":[{"href":"https:\/\/www.zollas.de\/pl\/wp-json\/wp\/v2\/media?parent=312"}],"curies":[{"name":"wp","href":"https:\/\/api.w.org\/{rel}","templated":true}]}}