{"id":315,"date":"2016-03-21T13:29:20","date_gmt":"2016-03-21T12:29:20","guid":{"rendered":"https:\/\/www.zollas.de\/pl\/kontakt\/"},"modified":"2023-10-19T10:45:46","modified_gmt":"2023-10-19T08:45:46","slug":"kontakt","status":"publish","type":"page","link":"https:\/\/www.zollas.de\/pl\/kontakt\/","title":{"rendered":"Kontakt"},"content":{"rendered":"<section class=\"wpb-content-wrapper\"><p>[vc_row bottom=&#8221;90px&#8221; slope_top=&#8221;slope-top&#8221; slope_top_pos=&#8221;slope-top-outside&#8221; slope_top_height=&#8221;50px&#8221; bg_color=&#8221;#e8f5f2&#8243; slope_top_color=&#8221;#e8f5f2&#8243;][vc_column width=&#8221;1\/4&#8243; css=&#8221;.vc_custom_1458632808790{padding-bottom: 25px !important;}&#8221;][vc_column_text css=&#8221;.vc_custom_1535730341371{padding-bottom: 25px !important;}&#8221;]<\/p>\n<h2>Hauptsitz<\/h2>\n<p>Zollas Verzollungen GmbH<br \/>\nZollstra\u00dfe 33<br \/>\n78244 Gottmadingen-Bietingen<\/p>\n<p>Tel DE: <a href=\"tel:\/\/+497734936590\">+49 7734 93 65 9-0<\/a><br \/>\nFax DE: +49 7734 93 65 9-29<\/p>\n<p>Tel CH: <a href=\"tel:\/\/+41526491080\">+41 52 64 91 080<\/a><br \/>\nFax CH: +41 52 64 93 511<\/p>\n<p>Mail: <a href=\"mailto:info@zollas.de\">info@zollas.de<\/a>[\/vc_column_text][\/vc_column][vc_column width=&#8221;1\/4&#8243; css=&#8221;.vc_custom_1458632816143{padding-bottom: 25px !important;}&#8221;][vc_column_text css=&#8221;.vc_custom_1650373778073{padding-top: 7px !important;padding-right: 20px !important;}&#8221;]<\/p>\n<h3>\u00d6ffnungszeiten<\/h3>\n<table width=\"100%\">\n<tbody>\n<tr>\n<td>Montag<\/td>\n<td>05:30 &#8211; 20:00<\/td>\n<\/tr>\n<tr>\n<td>Dienstag<\/td>\n<td>05:30 &#8211; 20:00<\/td>\n<\/tr>\n<tr>\n<td>Mittwoch<\/td>\n<td>05:30 &#8211; 20:00<\/td>\n<\/tr>\n<tr>\n<td>Donnerstag<\/td>\n<td>05:30 &#8211; 20:00<\/td>\n<\/tr>\n<tr>\n<td>Freitag<\/td>\n<td>05:30 &#8211; 19:00<\/td>\n<\/tr>\n<tr>\n<td>Samstag<\/td>\n<td>07:00 &#8211; 10:00<\/td>\n<\/tr>\n<\/tbody>\n<\/table>\n<p>Auch au\u00dferhalb der Gesch\u00e4ftszeiten stehen wir Ihnen gerne auf Anfrage zur Verf\u00fcgung.[\/vc_column_text][\/vc_column][vc_column width=&#8221;2\/4&#8243; css=&#8221;.vc_custom_1458632824301{padding-bottom: 25px !important;}&#8221;][vc_gmaps link=&#8221;#E-8_JTNDaWZyYW1lJTIwc3JjJTNEJTIyaHR0cHMlM0ElMkYlMkZ3d3cuZ29vZ2xlLmNvbSUyRm1hcHMlMkZlbWJlZCUzRnBiJTNEJTIxMW0xOCUyMTFtMTIlMjExbTMlMjExZDI2ODMuMTI3NjE1ODkyMjA4NyUyMTJkOC43MTg0MDIzMTU4MzQwNzElMjEzZDQ3Ljc0MDE3ODU4NjczMzY5JTIxMm0zJTIxMWYwJTIxMmYwJTIxM2YwJTIxM20yJTIxMWkxMDI0JTIxMmk3NjglMjE0ZjEzLjElMjEzbTMlMjExbTIlMjExczB4NDc5YTgwOWExNjI5NjllYiUyNTNBMHhhZjY2YTI2ZjRlYWJkYzM2JTIxMnNab2xsYXMlMkJWZXJ6b2xsdW5nZW4lMkJHbWJIJTIxNWUwJTIxM20yJTIxMXNkZSUyMTJzZGUlMjE0djE0NTg1NjQ5MDg3NzIlMjIlMjB3aWR0aCUzRCUyMjYwMCUyMiUyMGhlaWdodCUzRCUyMjQ1MCUyMiUyMGZyYW1lYm9yZGVyJTNEJTIyMCUyMiUyMHN0eWxlJTNEJTIyYm9yZGVyJTNBMCUyMiUyMGFsbG93ZnVsbHNjcmVlbiUzRSUzQyUyRmlmcmFtZSUzRQ==&#8221;][\/vc_column][\/vc_row][vc_row bottom=&#8221;90px&#8221; slope_top=&#8221;slope-top&#8221; slope_top_pos=&#8221;slope-top-outside&#8221; slope_top_height=&#8221;50px&#8221; slope_top_color=&#8221;#ffffff&#8221;][vc_column width=&#8221;1\/4&#8243; css=&#8221;.vc_custom_1458632851496{padding-bottom: 25px !important;}&#8221;][vc_column_text css=&#8221;.vc_custom_1535730356491{padding-bottom: 25px !important;}&#8221;]<\/p>\n<h2>Filiale Geisingen<\/h2>\n<p>Zollas Verzollungen GmbH<br \/>\nBodenseestra\u00dfe 19<br \/>\n78187 Geisingen \u2013 Kirchen-Hausen<\/p>\n<p>Tel.: <a href=\"tel:\/\/+4977049238890\">+49 7704 923 889-0<br \/>\n<\/a>Fax: +49 7704 923 889-10<\/p>\n<p>Mail: <a href=\"mailto:geisingen@zollas.de\">geisingen@zollas.de<\/a>[\/vc_column_text][\/vc_column][vc_column width=&#8221;1\/4&#8243; css=&#8221;.vc_custom_1458632857826{padding-bottom: 25px !important;}&#8221;][vc_column_text css=&#8221;.vc_custom_1458565382533{padding-top: 7px !important;padding-right: 20px !important;}&#8221;]<\/p>\n<h3>\u00d6ffnungszeiten<\/h3>\n<table width=\"100%\">\n<tbody>\n<tr>\n<td>Montag bis Freitag<\/td>\n<td>07:00 \u2013 12:00 und 13:00 \u2013 17:00<\/td>\n<\/tr>\n<tr>\n<td>Samstag<\/td>\n<td>geschlossen<\/td>\n<\/tr>\n<\/tbody>\n<\/table>\n<p>Auch au\u00dferhalb der Gesch\u00e4ftszeiten stehen wir Ihnen gerne auf Anfrage zur Verf\u00fcgung.[\/vc_column_text][\/vc_column][vc_column width=&#8221;2\/4&#8243; css=&#8221;.vc_custom_1458632864135{padding-bottom: 25px !important;}&#8221;][vc_gmaps link=&#8221;#E-8_JTNDaWZyYW1lJTIwc3JjJTNEJTIyaHR0cHMlM0ElMkYlMkZ3d3cuZ29vZ2xlLmNvbSUyRm1hcHMlMkZlbWJlZCUzRnBiJTNEJTIxMW0xOCUyMTFtMTIlMjExbTMlMjExZDI2NzQuMTIwMTE1NTU0MDk3JTIxMmQ4LjY3NDIwMTExNTgzODU1NyUyMTNkNDcuOTE0NzEzMjc0NjM1NDElMjEybTMlMjExZjAlMjEyZjAlMjEzZjAlMjEzbTIlMjExaTEwMjQlMjEyaTc2OCUyMTRmMTMuMSUyMTNtMyUyMTFtMiUyMTFzMHg0NzkwOWQyZGQ1NDcyMmUxJTI1M0EweDdlM2Q1ZDc5NGZiMjZjOWQlMjEyc1pvbGxhcy1WZXJ6b2xsdW5nZW4lMkJHbWJIJTIxNWUwJTIxM20yJTIxMXNkZSUyMTJzZGUlMjE0djE0NTg1NjQ3Njk1ODElMjIlMjB3aWR0aCUzRCUyMjYwMCUyMiUyMGhlaWdodCUzRCUyMjQ1MCUyMiUyMGZyYW1lYm9yZGVyJTNEJTIyMCUyMiUyMHN0eWxlJTNEJTIyYm9yZGVyJTNBMCUyMiUyMGFsbG93ZnVsbHNjcmVlbiUzRSUzQyUyRmlmcmFtZSUzRQ==&#8221;][\/vc_column][\/vc_row][vc_row bottom=&#8221;90px&#8221; slope_top=&#8221;slope-top&#8221; slope_top_pos=&#8221;slope-top-outside&#8221; slope_top_height=&#8221;50px&#8221; slope_top_color=&#8221;#ffffff&#8221;][vc_column width=&#8221;1\/4&#8243; css=&#8221;.vc_custom_1458632851496{padding-bottom: 25px !important;}&#8221;][vc_column_text css=&#8221;.vc_custom_1697705139341{padding-bottom: 25px !important;}&#8221;]<\/p>\n<h2>Zollas Verzollungen Schweiz GmbH<\/h2>\n<p>Zollas Verzollungen Schweiz GmbH<br \/>\nAutobahnzollanlage Konstanz\/Kreuzlingen, Geb\u00e4ude C + R<br \/>\n8280 Kreuzlingen<\/p>\n<p>Tel.: +41 71 677 95 00<br \/>\nFax: +41 71 677 95 01<\/p>\n<p>Mail: <a href=\"mailto:info@zollas.ch\">info@zollas.ch<\/a>[\/vc_column_text][\/vc_column][vc_column width=&#8221;1\/4&#8243; css=&#8221;.vc_custom_1458632857826{padding-bottom: 25px !important;}&#8221;][vc_column_text css=&#8221;.vc_custom_1672652146077{padding-top: 7px !important;padding-right: 20px !important;}&#8221;]<\/p>\n<h3>\u00d6ffnungszeiten<\/h3>\n<table width=\"100%\">\n<tbody>\n<tr>\n<td>Montag bis Freitag<\/td>\n<td>07:00-17:30<\/td>\n<\/tr>\n<tr>\n<td>Samstag<\/td>\n<td>08:00-12:00<\/td>\n<\/tr>\n<\/tbody>\n<\/table>\n<p>[\/vc_column_text][\/vc_column][vc_column width=&#8221;2\/4&#8243; css=&#8221;.vc_custom_1458632864135{padding-bottom: 25px !important;}&#8221;][vc_gmaps link=&#8221;#E-8_JTNDaWZyYW1lJTIwc3JjJTNEJTIyaHR0cHMlM0ElMkYlMkZ3d3cuZ29vZ2xlLmNvbSUyRm1hcHMlMkZlbWJlZCUzRnBiJTNEJTIxMW0xOCUyMTFtMTIlMjExbTMlMjExZDM2Ni4zMjg1Nzg2MTE5MjQ0JTIxMmQ5LjE1OTExMDkwNjYwNTA5OSUyMTNkNDcuNjU3MjU5MzY1NjEyOTE2JTIxMm0zJTIxMWYwJTIxMmYwJTIxM2YwJTIxM20yJTIxMWkxMDI0JTIxMmk3NjglMjE0ZjEzLjElMjEzbTMlMjExbTIlMjExczB4NDc5YWY3ZmI1MWM5ODhkZiUyNTNBMHhkZGU3ODc3YmQ4YmRkMTM5JTIxMnNab2xsYXMlMjUyMFZlcnpvbGx1bmdlbiUyNTIwU2Nod2VpeiUyNTIwR21iSCUyMTVlMCUyMTNtMiUyMTFzZGUlMjEyc2RlJTIxNHYxNjcyNjUzMjk1NzYxJTIxNW0yJTIxMXNkZSUyMTJzZGUlMjIlMjB3aWR0aCUzRCUyMjYwMCUyMiUyMGhlaWdodCUzRCUyMjQ1MCUyMiUyMHN0eWxlJTNEJTIyYm9yZGVyJTNBMCUzQiUyMiUyMGFsbG93ZnVsbHNjcmVlbiUzRCUyMiUyMiUyMGxvYWRpbmclM0QlMjJsYXp5JTIyJTIwcmVmZXJyZXJwb2xpY3klM0QlMjJuby1yZWZlcnJlci13aGVuLWRvd25ncmFkZSUyMiUzRSUzQyUyRmlmcmFtZSUzRQ==&#8221;][\/vc_column][\/vc_row][vc_row][vc_column][\/vc_column][\/vc_row]<\/p>\n<\/section>","protected":false},"excerpt":{"rendered":"<p>[vc_row bottom=&#8221;90px&#8221; slope_top=&#8221;slope-top&#8221; slope_top_pos=&#8221;slope-top-outside&#8221; slope_top_height=&#8221;50px&#8221; bg_color=&#8221;#e8f5f2&#8243; slope_top_color=&#8221;#e8f5f2&#8243;][vc_column width=&#8221;1\/4&#8243; css=&#8221;.vc_custom_1458632808790{padding-bottom: 25px !important;}&#8221;][vc_column_text css=&#8221;.vc_custom_1535730341371{padding-bottom: 25px !important;}&#8221;] Hauptsitz Zollas Verzollungen GmbH Zollstra\u00dfe 33 78244 Gottmadingen-Bietingen Tel DE: +49 7734 93 65 9-0 Fax DE: +49 7734 93 65 9-29 Tel CH: +41 52 64 91 080 Fax CH: +41 52 64 93 511 Mail: info@zollas.de[\/vc_column_text][\/vc_column][vc_column width=&#8221;1\/4&#8243; css=&#8221;.vc_custom_1458632816143{padding-bottom: 25px !important;}&#8221;][vc_column_text css=&#8221;.vc_custom_1650373778073{padding-top: 7px !important;padding-right: 20px !important;}&#8221;] \u00d6ffnungszeiten Montag 05:30 &#8211; 20:00 Dienstag 05:30 &#8211; 20:00 Mittwoch 05:30 &#8211; 20:00 Donnerstag&#8230;  <\/p>\n<div class=\"read-more\"><a class=\"excerpt-read-more\" href=\"https:\/\/www.zollas.de\/pl\/kontakt\/\" title=\"Continue reading Kontakt\">Read more<i class=\"fa fa-angle-right\"><\/i><\/a><\/div>\n","protected":false},"author":1,"featured_media":0,"parent":0,"menu_order":0,"comment_status":"closed","ping_status":"closed","template":"page-full-width.php","meta":{"inline_featured_image":false,"footnotes":""},"yoast_head":"<!-- This site is optimized with the Yoast SEO plugin v21.4 - https:\/\/yoast.com\/wordpress\/plugins\/seo\/ -->\n<title>Kontakt - Zollas Verzollungen GmbH<\/title>\n<meta name=\"description\" content=\"Jeste\u015bmy do Pa\u0144stwa dyspozycji we wszystkich kwestiach celnych i czekamy na kontakt z Pa\u0144stwa strony w Gottmadingen oraz Geisingen.\" \/>\n<meta name=\"robots\" content=\"index, follow, max-snippet:-1, max-image-preview:large, max-video-preview:-1\" \/>\n<link rel=\"canonical\" href=\"https:\/\/www.zollas.de\/pl\/kontakt\/\" \/>\n<meta property=\"og:locale\" content=\"pl_PL\" \/>\n<meta property=\"og:type\" content=\"article\" \/>\n<meta property=\"og:title\" content=\"Kontakt - Zollas Verzollungen GmbH\" \/>\n<meta property=\"og:description\" content=\"Jeste\u015bmy do Pa\u0144stwa dyspozycji we wszystkich kwestiach celnych i czekamy na kontakt z Pa\u0144stwa strony w Gottmadingen oraz Geisingen.\" \/>\n<meta property=\"og:url\" content=\"https:\/\/www.zollas.de\/pl\/kontakt\/\" \/>\n<meta property=\"og:site_name\" content=\"Zollas Verzollungen GmbH\" \/>\n<meta property=\"article:modified_time\" content=\"2023-10-19T08:45:46+00:00\" \/>\n<meta name=\"twitter:card\" content=\"summary_large_image\" \/>\n<meta name=\"twitter:label1\" content=\"Szacowany czas czytania\" \/>\n\t<meta name=\"twitter:data1\" content=\"1 minuta\" \/>\n<script type=\"application\/ld+json\" class=\"yoast-schema-graph\">{\"@context\":\"https:\/\/schema.org\",\"@graph\":[{\"@type\":\"WebPage\",\"@id\":\"https:\/\/www.zollas.de\/pl\/kontakt\/\",\"url\":\"https:\/\/www.zollas.de\/pl\/kontakt\/\",\"name\":\"Kontakt - Zollas Verzollungen GmbH\",\"isPartOf\":{\"@id\":\"https:\/\/www.zollas.de\/pl\/#website\"},\"datePublished\":\"2016-03-21T12:29:20+00:00\",\"dateModified\":\"2023-10-19T08:45:46+00:00\",\"description\":\"Jeste\u015bmy do Pa\u0144stwa dyspozycji we wszystkich kwestiach celnych i czekamy na kontakt z Pa\u0144stwa strony w Gottmadingen oraz Geisingen.\",\"breadcrumb\":{\"@id\":\"https:\/\/www.zollas.de\/pl\/kontakt\/#breadcrumb\"},\"inLanguage\":\"pl-PL\",\"potentialAction\":[{\"@type\":\"ReadAction\",\"target\":[\"https:\/\/www.zollas.de\/pl\/kontakt\/\"]}]},{\"@type\":\"BreadcrumbList\",\"@id\":\"https:\/\/www.zollas.de\/pl\/kontakt\/#breadcrumb\",\"itemListElement\":[{\"@type\":\"ListItem\",\"position\":1,\"name\":\"Home\",\"item\":\"https:\/\/www.zollas.de\/pl\/\"},{\"@type\":\"ListItem\",\"position\":2,\"name\":\"Kontakt\"}]},{\"@type\":\"WebSite\",\"@id\":\"https:\/\/www.zollas.de\/pl\/#website\",\"url\":\"https:\/\/www.zollas.de\/pl\/\",\"name\":\"Zollas Verzollungen GmbH\",\"description\":\"\",\"potentialAction\":[{\"@type\":\"SearchAction\",\"target\":{\"@type\":\"EntryPoint\",\"urlTemplate\":\"https:\/\/www.zollas.de\/pl\/?s={search_term_string}\"},\"query-input\":\"required name=search_term_string\"}],\"inLanguage\":\"pl-PL\"}]}<\/script>\n<!-- \/ Yoast SEO plugin. -->","yoast_head_json":{"title":"Kontakt - Zollas Verzollungen GmbH","description":"Jeste\u015bmy do Pa\u0144stwa dyspozycji we wszystkich kwestiach celnych i czekamy na kontakt z Pa\u0144stwa strony w Gottmadingen oraz Geisingen.","robots":{"index":"index","follow":"follow","max-snippet":"max-snippet:-1","max-image-preview":"max-image-preview:large","max-video-preview":"max-video-preview:-1"},"canonical":"https:\/\/www.zollas.de\/pl\/kontakt\/","og_locale":"pl_PL","og_type":"article","og_title":"Kontakt - Zollas Verzollungen GmbH","og_description":"Jeste\u015bmy do Pa\u0144stwa dyspozycji we wszystkich kwestiach celnych i czekamy na kontakt z Pa\u0144stwa strony w Gottmadingen oraz Geisingen.","og_url":"https:\/\/www.zollas.de\/pl\/kontakt\/","og_site_name":"Zollas Verzollungen GmbH","article_modified_time":"2023-10-19T08:45:46+00:00","twitter_card":"summary_large_image","twitter_misc":{"Szacowany czas czytania":"1 minuta"},"schema":{"@context":"https:\/\/schema.org","@graph":[{"@type":"WebPage","@id":"https:\/\/www.zollas.de\/pl\/kontakt\/","url":"https:\/\/www.zollas.de\/pl\/kontakt\/","name":"Kontakt - Zollas Verzollungen GmbH","isPartOf":{"@id":"https:\/\/www.zollas.de\/pl\/#website"},"datePublished":"2016-03-21T12:29:20+00:00","dateModified":"2023-10-19T08:45:46+00:00","description":"Jeste\u015bmy do Pa\u0144stwa dyspozycji we wszystkich kwestiach celnych i czekamy na kontakt z Pa\u0144stwa strony w Gottmadingen oraz Geisingen.","breadcrumb":{"@id":"https:\/\/www.zollas.de\/pl\/kontakt\/#breadcrumb"},"inLanguage":"pl-PL","potentialAction":[{"@type":"ReadAction","target":["https:\/\/www.zollas.de\/pl\/kontakt\/"]}]},{"@type":"BreadcrumbList","@id":"https:\/\/www.zollas.de\/pl\/kontakt\/#breadcrumb","itemListElement":[{"@type":"ListItem","position":1,"name":"Home","item":"https:\/\/www.zollas.de\/pl\/"},{"@type":"ListItem","position":2,"name":"Kontakt"}]},{"@type":"WebSite","@id":"https:\/\/www.zollas.de\/pl\/#website","url":"https:\/\/www.zollas.de\/pl\/","name":"Zollas Verzollungen GmbH","description":"","potentialAction":[{"@type":"SearchAction","target":{"@type":"EntryPoint","urlTemplate":"https:\/\/www.zollas.de\/pl\/?s={search_term_string}"},"query-input":"required name=search_term_string"}],"inLanguage":"pl-PL"}]}},"_links":{"self":[{"href":"https:\/\/www.zollas.de\/pl\/wp-json\/wp\/v2\/pages\/315"}],"collection":[{"href":"https:\/\/www.zollas.de\/pl\/wp-json\/wp\/v2\/pages"}],"about":[{"href":"https:\/\/www.zollas.de\/pl\/wp-json\/wp\/v2\/types\/page"}],"author":[{"embeddable":true,"href":"https:\/\/www.zollas.de\/pl\/wp-json\/wp\/v2\/users\/1"}],"replies":[{"embeddable":true,"href":"https:\/\/www.zollas.de\/pl\/wp-json\/wp\/v2\/comments?post=315"}],"version-history":[{"count":6,"href":"https:\/\/www.zollas.de\/pl\/wp-json\/wp\/v2\/pages\/315\/revisions"}],"predecessor-version":[{"id":958,"href":"https:\/\/www.zollas.de\/pl\/wp-json\/wp\/v2\/pages\/315\/revisions\/958"}],"wp:attachment":[{"href":"https:\/\/www.zollas.de\/pl\/wp-json\/wp\/v2\/media?parent=315"}],"curies":[{"name":"wp","href":"https:\/\/api.w.org\/{rel}","templated":true}]}}