{"id":323,"date":"2016-03-30T09:42:23","date_gmt":"2016-03-30T07:42:23","guid":{"rendered":"https:\/\/www.zollas.de\/pl\/handlingpartner\/"},"modified":"2023-10-19T14:33:29","modified_gmt":"2023-10-19T12:33:29","slug":"partnerzy","status":"publish","type":"page","link":"https:\/\/www.zollas.de\/pl\/partnerzy\/","title":{"rendered":"Partnerzy"},"content":{"rendered":"<section class=\"wpb-content-wrapper\"><p>[vc_row bottom=&#8221;90px&#8221; slope_top=&#8221;slope-top&#8221; slope_top_pos=&#8221;slope-top-outside&#8221; slope_top_height=&#8221;50px&#8221; bg_color=&#8221;#e8f5f2&#8243; slope_top_color=&#8221;#e8f5f2&#8243;][vc_column width=&#8221;1\/6&#8243;][\/vc_column][vc_column width=&#8221;3\/6&#8243;][vc_column_text]<\/p>\n<h2>Kt\u00f3r\u0105 tras\u0119 chc\u0105 Pa\u0144stwo obra\u0107?<\/h2>\n<p>PA\u0143STWO decyduj\u0105, kt\u00f3re przej\u015bcie graniczne jest dla Pa\u0144stwa najbardziej praktyczne w mi\u0119dzynarodowej przesy\u0142ce towar\u00f3w. Z tego wzgl\u0119du jeste\u015bmy jedyn\u0105 agencj\u0105 celn\u0105, kt\u00f3ra zapewnia wsparcie przy imporcie i eksporcie na ka\u017cdym wa\u017cnym przej\u015bciu granicznym w p\u00f3\u0142nocnej Szwajcarii. Wyra\u017ana korzy\u015b\u0107 dla Pa\u0144stwa: zapewniamy ten sam standard niezale\u017cnie od tego, jak\u0105 tras\u0119 Pa\u0144stwo obior\u0105!<\/p>\n<p>My przygotujemy dokumenty celne, a nasi partnerzy przeka\u017c\u0105 je Pa\u0144stwa kierowcom. \u017beby Pa\u0144stwo zawsze wiedzieli, do kogo mog\u0105 si\u0119 zwr\u00f3ci\u0107, sporz\u0105dzili\u015bmy zestawienie naszych aktualnych os\u00f3b kontaktowych, jak r\u00f3wnie\u017c godzin otwarcia (tak\u017ce punkt\u00f3w celnych).[\/vc_column_text][\/vc_column][vc_column width=&#8221;2\/6&#8243;][vc_single_image image=&#8221;208&#8243; img_size=&#8221;300&#215;200&#8243; alignment=&#8221;center&#8221;][\/vc_column][\/vc_row][vc_row bottom=&#8221;90px&#8221; slope_top=&#8221;slope-top&#8221; slope_top_pos=&#8221;slope-top-outside&#8221; slope_top_height=&#8221;50px&#8221; slope_top_color=&#8221;#ffffff&#8221;][vc_column width=&#8221;1\/6&#8243;][\/vc_column][vc_column width=&#8221;4\/6&#8243;][vc_column_text]<\/p>\n<h3>Nasi partnerzy<\/h3>\n<h4>Przej\u015bcie graniczne Bazylea\/Weil autostrada<\/h4>\n<p>Niemcy-Import<br \/>\nKGH Customs Services Schweiz AG, biuro 307<br \/>\nGodziny otwarcia: pon. &#8211; pt. od 08:00 &#8211; 18:00<\/p>\n<p>Szwajcaria-Import<br \/>\nKGH Customs Services Schweiz AG, biuro 201<br \/>\nGodziny otwarcia: pon. &#8211; pt. od 06:30 &#8211; 17:30<\/p>\n<p>Urz\u0105d Celny<br \/>\nGodziny otwarcia Niemcy: pon. &#8211; pt. od 05:00 &#8211; 22:00<br \/>\nGodziny otwarcia Szwajcaria: pon. &#8211; pt. od 07:00 &#8211; 17:30<\/p>\n<p>&nbsp;<\/p>\n<p>&nbsp;<\/p>\n<h4>Przej\u015bcie graniczne Rheinfelden<\/h4>\n<p>Niemcy-Import<br \/>\nALS Customs Services, Warmbacher Stra\u00dfe 90, biuro 202, Rheinfelden<br \/>\nGodziny otwarcia: pon. &#8211; pt. od 07:30 &#8211; 18:00<\/p>\n<p>Szwajcaria-Import<br \/>\nALS Customs Services, niemiecko-szwajcarski obiekt celny N3, biuro 213, Rheinfelden<br \/>\nGodziny otwarcia: pon. &#8211; pt. od 07:00 &#8211; 17:00<\/p>\n<p>Urz\u0105d Celny<br \/>\nGodziny otwarcia Niemcy: pon. &#8211; pt. od 06:00 &#8211; 22:00<br \/>\nGodziny otwarcia Szwajcaria: pon. &#8211; pt. od 07:00 &#8211; 17:00<\/p>\n<p>&nbsp;<\/p>\n<p>&nbsp;<\/p>\n<h4><span style=\"color: #ff0000;\">NOWY:<\/span> Przej\u015bcie graniczne Konstancja\/Kreuzlingen autostrada<\/h4>\n<p>Niemcy-Import \/ Szwajcaria-Import<br \/>\nZollas Verzollungen Schweiz GmbH, budynek R\/C, 07:30-17:30<\/p>\n<p>Godziny otwarcia<br \/>\npon. &#8211; pt. od 07:00 &#8211; 17:30<br \/>\nSobota <strong>tylko po uprzednim uzgodnieniu od<\/strong> 08:00 &#8211; 12:00<\/p>\n<p>Urz\u0105d Celny<br \/>\nGodziny otwarcia Niemcy: pon. &#8211; pt. od 07:00 &#8211; 20:00<br \/>\nGodziny otwarcia Szwajcaria: pon. &#8211; pt. od 07:00 &#8211; 17:30<\/p>\n<p>&nbsp;<\/p>\n<p>&nbsp;<\/p>\n<h4>Przej\u015bcie graniczne Waldshut\/Koblenz<\/h4>\n<p>Niemcy-Import<\/p>\n<p>Eckert Transport AG, Zollplatz 8, 5322 Koblenz<\/p>\n<p>Szwajcaria-Import<br \/>\nEckert Transport AG, Lise-Meitner-Ring 1, 79761 Waldshut-Tiengen<\/p>\n<p>Urz\u0105d Celny<br \/>\nGodziny otwarcia Niemcy: pon. &#8211; pt. od 05:00 &#8211; 19:00<br \/>\nGodziny otwarcia Szwajcaria: pon. &#8211; pt. od 07:00 &#8211; 17:30<\/p>\n<p>&nbsp;<\/p>\n<p>&nbsp;<\/p>\n<h4>Przej\u015bcie graniczne Wolfurt \/St. Margarethen<\/h4>\n<p>Szwajcaria-Import<br \/>\nGebr\u00fcder Weiss Gesellschaft m.b.H., Senderstra\u00dfe 26, AT-6961 Wolfurt<\/p>\n<p>Niemcy-Import<br \/>\nTylko w przypadku konkretnych zapyta\u0144 (ze wzgl\u0119du na to, \u017ce pomi\u0119dzy le\u017cy Austria, wymaga indywidualnej organizacji)<\/p>\n<p>Urz\u0105d Celny<br \/>\nGodziny otwarcia Austria &amp; Szwajcaria: pon. &#8211; pt. od 07:30 &#8211; 17:00<\/p>\n<p>&nbsp;<\/p>\n<p>&nbsp;<\/p>\n<h4>Przej\u015bcie graniczne Schaanwald<\/h4>\n<p>Szwajcaria-Import<br \/>\nWohlwend Transport AG, Vorarlbergerstrasse 225, 9486 Schaanwald<br \/>\nGodziny otwarcia: pon. &#8211; pt. od 07:30 &#8211; 17:30<\/p>\n<p>Urz\u0105d Celny<br \/>\nGodziny otwarcia Austria &amp; Szwajcaria: pon. &#8211; pt. od 07:30 &#8211; 17:30<\/p>\n<p>&nbsp;<\/p>\n<p>&nbsp;<\/p>\n<h4>Przej\u015bcie graniczne Bargen\/Neuhaus<\/h4>\n<p>W tym przypadku dokumenty celne otrzymaj\u0105 Pa\u0144stwo bezpo\u015brednio w naszej filii przy autostradzie A81 Stuttgart-Singen:<br \/>\nZollas Verzollungen GmbH, Bodenseestr. 19, 78187 Geisingen<\/p>\n<p>Godziny otwarcia: pon. &#8211; pt. od 07:00 &#8211; 17:00<\/p>\n<p>&nbsp;<\/p>\n<h4>Przej\u015bcie graniczne RIELASINGEN\/RAMSEN<\/h4>\n<p>Lamprecht Transport AG<strong><br \/>\n<\/strong>Gewerbehaus Moskau<br \/>\nCH-8262 Ramsen \/ Schweiz[\/vc_column_text][\/vc_column][vc_column width=&#8221;1\/6&#8243;][\/vc_column][\/vc_row][vc_row top=&#8221;30px&#8221; bg_type=&#8221;image&#8221; bg_repeat=&#8221;repeat-x&#8221; bg_position=&#8221;&#8221; slope_top=&#8221;slope-top&#8221; slope_top_pos=&#8221;slope-top-outside&#8221; slope_top_height=&#8221;50px&#8221; bg_color=&#8221;#21a47e&#8221; slope_top_color=&#8221;#005c41&#8243; el_class=&#8221;white&#8221; bg_image=&#8221;181&#8243;][vc_column textalign=&#8221;center&#8221;][vc_single_image image=&#8221;151&#8243; img_size=&#8221;175&#215;125&#8243; alignment=&#8221;center&#8221; css=&#8221;.vc_custom_1458576763224{padding-bottom: 25px !important;}&#8221;][vc_column_text css=&#8221;.vc_custom_1535730968426{padding-bottom: 25px !important;}&#8221;]<\/p>\n<h2>Jak mo\u017cemy Pa\u0144stwa wesprze\u0107?<\/h2>\n<p>S\u0142u\u017cymy pomoc\u0105 w obs\u0142udze celnej transgranicznego obrotu towarowego!<\/p>\n<p><span style=\"font-weight: 500;\">Telefon w Niemczech: <a href=\"tel:\/\/+497734936590\">+49 7734 \/ 93 65 90<\/a> \u00a0 | \u00a0 Telefon w Szwajcarii: <a href=\"tel:\/\/+41526491080\">+41 52 \/ 64 91 080<\/a> \u00a0 | \u00a0 E-Mail: <a href=\"mailto:info@zollas.de\">info@zollas.de<\/a><\/span>[\/vc_column_text][vc_button title=&#8221;Kontakt z nami!&#8221; size=&#8221;btn-large&#8221; color=&#8221;btn_white&#8221; link=&#8221;url:https%3A%2F%2Fwww.zollas.de%2Fpl%2Fkontakt%2F&#8221;][\/vc_column][\/vc_row]<\/p>\n<\/section>","protected":false},"excerpt":{"rendered":"<p>[vc_row bottom=&#8221;90px&#8221; slope_top=&#8221;slope-top&#8221; slope_top_pos=&#8221;slope-top-outside&#8221; slope_top_height=&#8221;50px&#8221; bg_color=&#8221;#e8f5f2&#8243; slope_top_color=&#8221;#e8f5f2&#8243;][vc_column width=&#8221;1\/6&#8243;][\/vc_column][vc_column width=&#8221;3\/6&#8243;][vc_column_text] Kt\u00f3r\u0105 tras\u0119 chc\u0105 Pa\u0144stwo obra\u0107? PA\u0143STWO decyduj\u0105, kt\u00f3re przej\u015bcie graniczne jest dla Pa\u0144stwa najbardziej praktyczne w mi\u0119dzynarodowej przesy\u0142ce towar\u00f3w. Z tego wzgl\u0119du jeste\u015bmy jedyn\u0105 agencj\u0105 celn\u0105, kt\u00f3ra zapewnia wsparcie przy imporcie i eksporcie na ka\u017cdym wa\u017cnym przej\u015bciu granicznym w p\u00f3\u0142nocnej Szwajcarii. Wyra\u017ana korzy\u015b\u0107 dla Pa\u0144stwa: zapewniamy ten sam standard niezale\u017cnie od tego, jak\u0105 tras\u0119 Pa\u0144stwo obior\u0105! My przygotujemy dokumenty celne, a nasi partnerzy przeka\u017c\u0105 je Pa\u0144stwa&#8230;  <\/p>\n<div class=\"read-more\"><a class=\"excerpt-read-more\" href=\"https:\/\/www.zollas.de\/pl\/partnerzy\/\" title=\"Continue reading Partnerzy\">Read more<i class=\"fa fa-angle-right\"><\/i><\/a><\/div>\n","protected":false},"author":1,"featured_media":0,"parent":0,"menu_order":0,"comment_status":"closed","ping_status":"closed","template":"page-full-width.php","meta":{"inline_featured_image":false,"footnotes":""},"yoast_head":"<!-- This site is optimized with the Yoast SEO plugin v21.4 - https:\/\/yoast.com\/wordpress\/plugins\/seo\/ -->\n<title>Partnerzy - Zollas Verzollungen GmbH<\/title>\n<meta name=\"description\" content=\"To Pa\u0144stwo decyduj\u0105, kt\u00f3r\u0105 tras\u0119 Pa\u0144stwo obior\u0105 \u2013 z naszymi partnerami wzd\u0142u\u017c p\u00f3\u0142nocnej granicy szwajcarskiej to nie problem!\" \/>\n<meta name=\"robots\" content=\"index, follow, max-snippet:-1, max-image-preview:large, max-video-preview:-1\" \/>\n<link rel=\"canonical\" href=\"https:\/\/www.zollas.de\/pl\/partnerzy\/\" \/>\n<meta property=\"og:locale\" content=\"pl_PL\" \/>\n<meta property=\"og:type\" content=\"article\" \/>\n<meta property=\"og:title\" content=\"Partnerzy - Zollas Verzollungen GmbH\" \/>\n<meta property=\"og:description\" content=\"To Pa\u0144stwo decyduj\u0105, kt\u00f3r\u0105 tras\u0119 Pa\u0144stwo obior\u0105 \u2013 z naszymi partnerami wzd\u0142u\u017c p\u00f3\u0142nocnej granicy szwajcarskiej to nie problem!\" \/>\n<meta property=\"og:url\" content=\"https:\/\/www.zollas.de\/pl\/partnerzy\/\" \/>\n<meta property=\"og:site_name\" content=\"Zollas Verzollungen GmbH\" \/>\n<meta property=\"article:modified_time\" content=\"2023-10-19T12:33:29+00:00\" \/>\n<meta name=\"twitter:card\" content=\"summary_large_image\" \/>\n<meta name=\"twitter:label1\" content=\"Szacowany czas czytania\" \/>\n\t<meta name=\"twitter:data1\" content=\"3 minuty\" \/>\n<script type=\"application\/ld+json\" class=\"yoast-schema-graph\">{\"@context\":\"https:\/\/schema.org\",\"@graph\":[{\"@type\":\"WebPage\",\"@id\":\"https:\/\/www.zollas.de\/pl\/partnerzy\/\",\"url\":\"https:\/\/www.zollas.de\/pl\/partnerzy\/\",\"name\":\"Partnerzy - Zollas Verzollungen GmbH\",\"isPartOf\":{\"@id\":\"https:\/\/www.zollas.de\/pl\/#website\"},\"datePublished\":\"2016-03-30T07:42:23+00:00\",\"dateModified\":\"2023-10-19T12:33:29+00:00\",\"description\":\"To Pa\u0144stwo decyduj\u0105, kt\u00f3r\u0105 tras\u0119 Pa\u0144stwo obior\u0105 \u2013 z naszymi partnerami wzd\u0142u\u017c p\u00f3\u0142nocnej granicy szwajcarskiej to nie problem!\",\"breadcrumb\":{\"@id\":\"https:\/\/www.zollas.de\/pl\/partnerzy\/#breadcrumb\"},\"inLanguage\":\"pl-PL\",\"potentialAction\":[{\"@type\":\"ReadAction\",\"target\":[\"https:\/\/www.zollas.de\/pl\/partnerzy\/\"]}]},{\"@type\":\"BreadcrumbList\",\"@id\":\"https:\/\/www.zollas.de\/pl\/partnerzy\/#breadcrumb\",\"itemListElement\":[{\"@type\":\"ListItem\",\"position\":1,\"name\":\"Home\",\"item\":\"https:\/\/www.zollas.de\/pl\/\"},{\"@type\":\"ListItem\",\"position\":2,\"name\":\"Partnerzy\"}]},{\"@type\":\"WebSite\",\"@id\":\"https:\/\/www.zollas.de\/pl\/#website\",\"url\":\"https:\/\/www.zollas.de\/pl\/\",\"name\":\"Zollas Verzollungen GmbH\",\"description\":\"\",\"potentialAction\":[{\"@type\":\"SearchAction\",\"target\":{\"@type\":\"EntryPoint\",\"urlTemplate\":\"https:\/\/www.zollas.de\/pl\/?s={search_term_string}\"},\"query-input\":\"required name=search_term_string\"}],\"inLanguage\":\"pl-PL\"}]}<\/script>\n<!-- \/ Yoast SEO plugin. -->","yoast_head_json":{"title":"Partnerzy - Zollas Verzollungen GmbH","description":"To Pa\u0144stwo decyduj\u0105, kt\u00f3r\u0105 tras\u0119 Pa\u0144stwo obior\u0105 \u2013 z naszymi partnerami wzd\u0142u\u017c p\u00f3\u0142nocnej granicy szwajcarskiej to nie problem!","robots":{"index":"index","follow":"follow","max-snippet":"max-snippet:-1","max-image-preview":"max-image-preview:large","max-video-preview":"max-video-preview:-1"},"canonical":"https:\/\/www.zollas.de\/pl\/partnerzy\/","og_locale":"pl_PL","og_type":"article","og_title":"Partnerzy - Zollas Verzollungen GmbH","og_description":"To Pa\u0144stwo decyduj\u0105, kt\u00f3r\u0105 tras\u0119 Pa\u0144stwo obior\u0105 \u2013 z naszymi partnerami wzd\u0142u\u017c p\u00f3\u0142nocnej granicy szwajcarskiej to nie problem!","og_url":"https:\/\/www.zollas.de\/pl\/partnerzy\/","og_site_name":"Zollas Verzollungen GmbH","article_modified_time":"2023-10-19T12:33:29+00:00","twitter_card":"summary_large_image","twitter_misc":{"Szacowany czas czytania":"3 minuty"},"schema":{"@context":"https:\/\/schema.org","@graph":[{"@type":"WebPage","@id":"https:\/\/www.zollas.de\/pl\/partnerzy\/","url":"https:\/\/www.zollas.de\/pl\/partnerzy\/","name":"Partnerzy - Zollas Verzollungen GmbH","isPartOf":{"@id":"https:\/\/www.zollas.de\/pl\/#website"},"datePublished":"2016-03-30T07:42:23+00:00","dateModified":"2023-10-19T12:33:29+00:00","description":"To Pa\u0144stwo decyduj\u0105, kt\u00f3r\u0105 tras\u0119 Pa\u0144stwo obior\u0105 \u2013 z naszymi partnerami wzd\u0142u\u017c p\u00f3\u0142nocnej granicy szwajcarskiej to nie problem!","breadcrumb":{"@id":"https:\/\/www.zollas.de\/pl\/partnerzy\/#breadcrumb"},"inLanguage":"pl-PL","potentialAction":[{"@type":"ReadAction","target":["https:\/\/www.zollas.de\/pl\/partnerzy\/"]}]},{"@type":"BreadcrumbList","@id":"https:\/\/www.zollas.de\/pl\/partnerzy\/#breadcrumb","itemListElement":[{"@type":"ListItem","position":1,"name":"Home","item":"https:\/\/www.zollas.de\/pl\/"},{"@type":"ListItem","position":2,"name":"Partnerzy"}]},{"@type":"WebSite","@id":"https:\/\/www.zollas.de\/pl\/#website","url":"https:\/\/www.zollas.de\/pl\/","name":"Zollas Verzollungen GmbH","description":"","potentialAction":[{"@type":"SearchAction","target":{"@type":"EntryPoint","urlTemplate":"https:\/\/www.zollas.de\/pl\/?s={search_term_string}"},"query-input":"required name=search_term_string"}],"inLanguage":"pl-PL"}]}},"_links":{"self":[{"href":"https:\/\/www.zollas.de\/pl\/wp-json\/wp\/v2\/pages\/323"}],"collection":[{"href":"https:\/\/www.zollas.de\/pl\/wp-json\/wp\/v2\/pages"}],"about":[{"href":"https:\/\/www.zollas.de\/pl\/wp-json\/wp\/v2\/types\/page"}],"author":[{"embeddable":true,"href":"https:\/\/www.zollas.de\/pl\/wp-json\/wp\/v2\/users\/1"}],"replies":[{"embeddable":true,"href":"https:\/\/www.zollas.de\/pl\/wp-json\/wp\/v2\/comments?post=323"}],"version-history":[{"count":10,"href":"https:\/\/www.zollas.de\/pl\/wp-json\/wp\/v2\/pages\/323\/revisions"}],"predecessor-version":[{"id":969,"href":"https:\/\/www.zollas.de\/pl\/wp-json\/wp\/v2\/pages\/323\/revisions\/969"}],"wp:attachment":[{"href":"https:\/\/www.zollas.de\/pl\/wp-json\/wp\/v2\/media?parent=323"}],"curies":[{"name":"wp","href":"https:\/\/api.w.org\/{rel}","templated":true}]}}