{"id":326,"date":"2016-03-21T13:01:21","date_gmt":"2016-03-21T12:01:21","guid":{"rendered":"https:\/\/www.zollas.de\/pl\/dokument-download\/"},"modified":"2019-08-16T15:23:52","modified_gmt":"2019-08-16T13:23:52","slug":"pobranie-dokumentow","status":"publish","type":"page","link":"https:\/\/www.zollas.de\/pl\/pobranie-dokumentow\/","title":{"rendered":"Pobranie dokument\u00f3w"},"content":{"rendered":"<section class=\"wpb-content-wrapper\"><p>[vc_row bottom=&#8221;90px&#8221; slope_top=&#8221;slope-top&#8221; slope_top_pos=&#8221;slope-top-outside&#8221; slope_top_height=&#8221;50px&#8221; slope_top_color=&#8221;#e8f5f2&#8243; bg_color=&#8221;#e8f5f2&#8243;][vc_column width=&#8221;1\/6&#8243;][\/vc_column][vc_column width=&#8221;3\/6&#8243;][vc_column_text css=&#8221;.vc_custom_1460112751206{padding-bottom: 25px !important;}&#8221;]<\/p>\n<h2>Przydatne dokumenty celne<\/h2>\n<p>Zdecydowali si\u0119 Pa\u0144stwo skorzysta\u0107 z naszego Know-how?<br \/>\nBardzo dobrze! Tutaj znajd\u0105 Pa\u0144stwo kilka dokument\u00f3w, kt\u00f3re b\u0119d\u0105 Pa\u0144stwu z pewno\u015bci\u0105 pomocne.[\/vc_column_text][\/vc_column][vc_column width=&#8221;2\/6&#8243;][vc_single_image image=&#8221;187&#8243; img_size=&#8221;300&#215;200&#8243;][\/vc_column][\/vc_row][vc_row bottom=&#8221;90px&#8221; slope_top=&#8221;slope-top&#8221; slope_top_pos=&#8221;slope-top-outside&#8221; slope_top_height=&#8221;50px&#8221; slope_top_color=&#8221;#ffffff&#8221;][vc_column width=&#8221;1\/6&#8243;][\/vc_column][vc_column width=&#8221;4\/6&#8243;][vc_service icon_fontawesome=&#8221;fa fa-file-pdf-o&#8221; title=&#8221;Zollas \u2013 Zlecenie odprawy celnej Import Niemcy&#8221; icon_shape=&#8221;service-square&#8221; link=&#8221;url:http%3A%2F%2Fwww.zollas.de%2Fwp-content%2Fuploads%2F2016%2F03%2Fzollas_vertretungsvollmacht_formular_nach_deutschland.pdf||target:%20_blank|&#8221; icon_color=&#8221;#ffffff&#8221; bg_color=&#8221;#21a47e&#8221;]Pobierz dokument jako PDF[\/vc_service][vc_service icon_fontawesome=&#8221;fa fa-file-pdf-o&#8221; title=&#8221;Zollas \u2013 Zlecenie odprawy celnej ATLAS-Wyw\u00f3z&#8221; icon_shape=&#8221;service-square&#8221; link=&#8221;url:http%3A%2F%2Fwww.zollas.de%2Fwp-content%2Fuploads%2F2016%2F03%2Fzollas_vollmacht_zur_erstellung_einer_atlas-ausfuhr_mit_haftung.pdf||target:%20_blank|&#8221; icon_color=&#8221;#ffffff&#8221; bg_color=&#8221;#21a47e&#8221;]Pobierz dokument jako PDF[\/vc_service][vc_service icon_fontawesome=&#8221;fa fa-file-pdf-o&#8221; title=&#8221;Zollas \u2013 Zlecenie odprawy celnej Import Szwajcaria&#8221; icon_shape=&#8221;service-square&#8221; link=&#8221;url:http%3A%2F%2Fwww.zollas.de%2Fwp-content%2Fuploads%2F2016%2F03%2Fzollas_vertretungsvollmacht_formular_in_die_schweiz.pdf||target:%20_blank|&#8221; icon_color=&#8221;#ffffff&#8221; bg_color=&#8221;#21a47e&#8221;]Pobierz dokument jako PDF[\/vc_service][vc_service icon_fontawesome=&#8221;fa fa-file-pdf-o&#8221; title=&#8221;Zollas \u2013 Gwarancja przej\u0119cia odpowiedzialno\u015bci T1\/T2&#8243; icon_shape=&#8221;service-square&#8221; link=&#8221;url:http%3A%2F%2Fwww.zollas.de%2Fwp-content%2Fuploads%2F2016%2F03%2Fzollas_haftunggarantie_t1_t2.pdf||target:%20_blank|&#8221; icon_color=&#8221;#ffffff&#8221; bg_color=&#8221;#21a47e&#8221;]Pobierz dokument jako PDF[\/vc_service][vc_service icon_fontawesome=&#8221;fa fa-file-pdf-o&#8221; title=&#8221;Zollas \u2013 Zlecenie sporz\u0105dzenia dokumentu EUR.1&#8243; icon_shape=&#8221;service-square&#8221; link=&#8221;url:http%3A%2F%2Fwww.zollas.de%2Fwp-content%2Fuploads%2F2016%2F03%2Fzollas_vollmacht_zur_erstellung_einer_eur1.pdf||target:%20_blank|&#8221; icon_color=&#8221;#ffffff&#8221; bg_color=&#8221;#21a47e&#8221;]Pobierz dokument jako PDF[\/vc_service][vc_service icon_fontawesome=&#8221;fa fa-file-pdf-o&#8221; title=&#8221;Zollas \u2013 Zlecenie sporz\u0105dzenia szwajcarskiego dokumentu celnego na bezc\u0142owy czasowy przyw\u00f3z lub wyw\u00f3z towar\u00f3w (\u201eFreipass\u201d)&#8221; icon_shape=&#8221;service-square&#8221; link=&#8221;url:http%3A%2F%2Fwww.zollas.de%2Fwp-content%2Fuploads%2F2016%2F03%2Fzollas_auftrag_zur_erstellung_fuer_einen_freipass.pdf||target:%20_blank|&#8221; icon_color=&#8221;#ffffff&#8221; bg_color=&#8221;#21a47e&#8221;]Pobierz dokument jako PDF[\/vc_service][vc_service icon_fontawesome=&#8221;fa fa-file-pdf-o&#8221; title=&#8221;Zollas \u2013 O\u015bwiadczenie dotycz\u0105ce bezpiecze\u0144stwa dla Upowa\u017cnionych Podmiot\u00f3w Gospodarczych AEO&#8221; icon_shape=&#8221;service-square&#8221; link=&#8221;url:http%3A%2F%2Fwww.zollas.de%2Fwp-content%2Fuploads%2F2016%2F03%2Fzollas_aeo_sicherheitserklaerung.pdf||target:%20_blank|&#8221; icon_color=&#8221;#ffffff&#8221; bg_color=&#8221;#21a47e&#8221;]Pobierz dokument jako PDF[\/vc_service][vc_service icon_fontawesome=&#8221;fa fa-file-pdf-o&#8221; title=&#8221;Zollas \u2013 O\u015bwiadczenie\/Wniosek o uznanie przywiezionego mienia przesiedlenia za zwolnione z nale\u017cno\u015bci celnych&#8221; icon_shape=&#8221;service-square&#8221; link=&#8221;url:http%3A%2F%2Fwww.zollas.de%2Fwp-content%2Fuploads%2F2016%2F03%2Fzollas_uebersiedlungsgut.pdf||target:%20_blank|&#8221; icon_color=&#8221;#ffffff&#8221; bg_color=&#8221;#21a47e&#8221;]Pobierz dokument jako PDF[\/vc_service][\/vc_column][vc_column width=&#8221;1\/6&#8243;][\/vc_column][\/vc_row]<\/p>\n<\/section>","protected":false},"excerpt":{"rendered":"<p>[vc_row bottom=&#8221;90px&#8221; slope_top=&#8221;slope-top&#8221; slope_top_pos=&#8221;slope-top-outside&#8221; slope_top_height=&#8221;50px&#8221; slope_top_color=&#8221;#e8f5f2&#8243; bg_color=&#8221;#e8f5f2&#8243;][vc_column width=&#8221;1\/6&#8243;][\/vc_column][vc_column width=&#8221;3\/6&#8243;][vc_column_text css=&#8221;.vc_custom_1460112751206{padding-bottom: 25px !important;}&#8221;] Przydatne dokumenty celne Zdecydowali si\u0119 Pa\u0144stwo skorzysta\u0107 z naszego Know-how? Bardzo dobrze! Tutaj znajd\u0105 Pa\u0144stwo kilka dokument\u00f3w, kt\u00f3re b\u0119d\u0105 Pa\u0144stwu z pewno\u015bci\u0105 pomocne.[\/vc_column_text][\/vc_column][vc_column width=&#8221;2\/6&#8243;][vc_single_image image=&#8221;187&#8243; img_size=&#8221;300&#215;200&#8243;][\/vc_column][\/vc_row][vc_row bottom=&#8221;90px&#8221; slope_top=&#8221;slope-top&#8221; slope_top_pos=&#8221;slope-top-outside&#8221; slope_top_height=&#8221;50px&#8221; slope_top_color=&#8221;#ffffff&#8221;][vc_column width=&#8221;1\/6&#8243;][\/vc_column][vc_column width=&#8221;4\/6&#8243;][vc_service icon_fontawesome=&#8221;fa fa-file-pdf-o&#8221; title=&#8221;Zollas \u2013 Zlecenie odprawy celnej Import Niemcy&#8221; icon_shape=&#8221;service-square&#8221; link=&#8221;url:http%3A%2F%2Fwww.zollas.de%2Fwp-content%2Fuploads%2F2016%2F03%2Fzollas_vertretungsvollmacht_formular_nach_deutschland.pdf||target:%20_blank|&#8221; icon_color=&#8221;#ffffff&#8221; bg_color=&#8221;#21a47e&#8221;]Pobierz dokument jako PDF[\/vc_service][vc_service icon_fontawesome=&#8221;fa fa-file-pdf-o&#8221; title=&#8221;Zollas \u2013 Zlecenie odprawy celnej ATLAS-Wyw\u00f3z&#8221; icon_shape=&#8221;service-square&#8221; link=&#8221;url:http%3A%2F%2Fwww.zollas.de%2Fwp-content%2Fuploads%2F2016%2F03%2Fzollas_vollmacht_zur_erstellung_einer_atlas-ausfuhr_mit_haftung.pdf||target:%20_blank|&#8221; icon_color=&#8221;#ffffff&#8221; bg_color=&#8221;#21a47e&#8221;]Pobierz dokument jako&#8230;  <\/p>\n<div class=\"read-more\"><a class=\"excerpt-read-more\" href=\"https:\/\/www.zollas.de\/pl\/pobranie-dokumentow\/\" title=\"Continue reading Pobranie dokument\u00f3w\">Read more<i class=\"fa fa-angle-right\"><\/i><\/a><\/div>\n","protected":false},"author":1,"featured_media":0,"parent":0,"menu_order":0,"comment_status":"closed","ping_status":"closed","template":"page-full-width.php","meta":{"inline_featured_image":false,"footnotes":""},"yoast_head":"<!-- This site is optimized with the Yoast SEO plugin v21.4 - https:\/\/yoast.com\/wordpress\/plugins\/seo\/ -->\n<title>Pobranie dokument\u00f3w - Zollas Verzollungen GmbH<\/title>\n<meta name=\"description\" content=\"Tutaj zestawili\u015bmy do pobrania dokumenty celne, kt\u00f3re b\u0119d\u0105 Pa\u0144stwu przydatne.\" \/>\n<meta name=\"robots\" content=\"index, follow, max-snippet:-1, max-image-preview:large, max-video-preview:-1\" \/>\n<link rel=\"canonical\" href=\"https:\/\/www.zollas.de\/pl\/pobranie-dokumentow\/\" \/>\n<meta property=\"og:locale\" content=\"pl_PL\" \/>\n<meta property=\"og:type\" content=\"article\" \/>\n<meta property=\"og:title\" content=\"Pobranie dokument\u00f3w - Zollas Verzollungen GmbH\" \/>\n<meta property=\"og:description\" content=\"Tutaj zestawili\u015bmy do pobrania dokumenty celne, kt\u00f3re b\u0119d\u0105 Pa\u0144stwu przydatne.\" \/>\n<meta property=\"og:url\" content=\"https:\/\/www.zollas.de\/pl\/pobranie-dokumentow\/\" \/>\n<meta property=\"og:site_name\" content=\"Zollas Verzollungen GmbH\" \/>\n<meta property=\"article:modified_time\" content=\"2019-08-16T13:23:52+00:00\" \/>\n<meta name=\"twitter:card\" content=\"summary_large_image\" \/>\n<meta name=\"twitter:label1\" content=\"Szacowany czas czytania\" \/>\n\t<meta name=\"twitter:data1\" content=\"3 minuty\" \/>\n<script type=\"application\/ld+json\" class=\"yoast-schema-graph\">{\"@context\":\"https:\/\/schema.org\",\"@graph\":[{\"@type\":\"WebPage\",\"@id\":\"https:\/\/www.zollas.de\/pl\/pobranie-dokumentow\/\",\"url\":\"https:\/\/www.zollas.de\/pl\/pobranie-dokumentow\/\",\"name\":\"Pobranie dokument\u00f3w - Zollas Verzollungen GmbH\",\"isPartOf\":{\"@id\":\"https:\/\/www.zollas.de\/pl\/#website\"},\"datePublished\":\"2016-03-21T12:01:21+00:00\",\"dateModified\":\"2019-08-16T13:23:52+00:00\",\"description\":\"Tutaj zestawili\u015bmy do pobrania dokumenty celne, kt\u00f3re b\u0119d\u0105 Pa\u0144stwu przydatne.\",\"breadcrumb\":{\"@id\":\"https:\/\/www.zollas.de\/pl\/pobranie-dokumentow\/#breadcrumb\"},\"inLanguage\":\"pl-PL\",\"potentialAction\":[{\"@type\":\"ReadAction\",\"target\":[\"https:\/\/www.zollas.de\/pl\/pobranie-dokumentow\/\"]}]},{\"@type\":\"BreadcrumbList\",\"@id\":\"https:\/\/www.zollas.de\/pl\/pobranie-dokumentow\/#breadcrumb\",\"itemListElement\":[{\"@type\":\"ListItem\",\"position\":1,\"name\":\"Home\",\"item\":\"https:\/\/www.zollas.de\/pl\/\"},{\"@type\":\"ListItem\",\"position\":2,\"name\":\"Pobranie dokument\u00f3w\"}]},{\"@type\":\"WebSite\",\"@id\":\"https:\/\/www.zollas.de\/pl\/#website\",\"url\":\"https:\/\/www.zollas.de\/pl\/\",\"name\":\"Zollas Verzollungen GmbH\",\"description\":\"\",\"potentialAction\":[{\"@type\":\"SearchAction\",\"target\":{\"@type\":\"EntryPoint\",\"urlTemplate\":\"https:\/\/www.zollas.de\/pl\/?s={search_term_string}\"},\"query-input\":\"required name=search_term_string\"}],\"inLanguage\":\"pl-PL\"}]}<\/script>\n<!-- \/ Yoast SEO plugin. -->","yoast_head_json":{"title":"Pobranie dokument\u00f3w - Zollas Verzollungen GmbH","description":"Tutaj zestawili\u015bmy do pobrania dokumenty celne, kt\u00f3re b\u0119d\u0105 Pa\u0144stwu przydatne.","robots":{"index":"index","follow":"follow","max-snippet":"max-snippet:-1","max-image-preview":"max-image-preview:large","max-video-preview":"max-video-preview:-1"},"canonical":"https:\/\/www.zollas.de\/pl\/pobranie-dokumentow\/","og_locale":"pl_PL","og_type":"article","og_title":"Pobranie dokument\u00f3w - Zollas Verzollungen GmbH","og_description":"Tutaj zestawili\u015bmy do pobrania dokumenty celne, kt\u00f3re b\u0119d\u0105 Pa\u0144stwu przydatne.","og_url":"https:\/\/www.zollas.de\/pl\/pobranie-dokumentow\/","og_site_name":"Zollas Verzollungen GmbH","article_modified_time":"2019-08-16T13:23:52+00:00","twitter_card":"summary_large_image","twitter_misc":{"Szacowany czas czytania":"3 minuty"},"schema":{"@context":"https:\/\/schema.org","@graph":[{"@type":"WebPage","@id":"https:\/\/www.zollas.de\/pl\/pobranie-dokumentow\/","url":"https:\/\/www.zollas.de\/pl\/pobranie-dokumentow\/","name":"Pobranie dokument\u00f3w - Zollas Verzollungen GmbH","isPartOf":{"@id":"https:\/\/www.zollas.de\/pl\/#website"},"datePublished":"2016-03-21T12:01:21+00:00","dateModified":"2019-08-16T13:23:52+00:00","description":"Tutaj zestawili\u015bmy do pobrania dokumenty celne, kt\u00f3re b\u0119d\u0105 Pa\u0144stwu przydatne.","breadcrumb":{"@id":"https:\/\/www.zollas.de\/pl\/pobranie-dokumentow\/#breadcrumb"},"inLanguage":"pl-PL","potentialAction":[{"@type":"ReadAction","target":["https:\/\/www.zollas.de\/pl\/pobranie-dokumentow\/"]}]},{"@type":"BreadcrumbList","@id":"https:\/\/www.zollas.de\/pl\/pobranie-dokumentow\/#breadcrumb","itemListElement":[{"@type":"ListItem","position":1,"name":"Home","item":"https:\/\/www.zollas.de\/pl\/"},{"@type":"ListItem","position":2,"name":"Pobranie dokument\u00f3w"}]},{"@type":"WebSite","@id":"https:\/\/www.zollas.de\/pl\/#website","url":"https:\/\/www.zollas.de\/pl\/","name":"Zollas Verzollungen GmbH","description":"","potentialAction":[{"@type":"SearchAction","target":{"@type":"EntryPoint","urlTemplate":"https:\/\/www.zollas.de\/pl\/?s={search_term_string}"},"query-input":"required name=search_term_string"}],"inLanguage":"pl-PL"}]}},"_links":{"self":[{"href":"https:\/\/www.zollas.de\/pl\/wp-json\/wp\/v2\/pages\/326"}],"collection":[{"href":"https:\/\/www.zollas.de\/pl\/wp-json\/wp\/v2\/pages"}],"about":[{"href":"https:\/\/www.zollas.de\/pl\/wp-json\/wp\/v2\/types\/page"}],"author":[{"embeddable":true,"href":"https:\/\/www.zollas.de\/pl\/wp-json\/wp\/v2\/users\/1"}],"replies":[{"embeddable":true,"href":"https:\/\/www.zollas.de\/pl\/wp-json\/wp\/v2\/comments?post=326"}],"version-history":[{"count":6,"href":"https:\/\/www.zollas.de\/pl\/wp-json\/wp\/v2\/pages\/326\/revisions"}],"predecessor-version":[{"id":865,"href":"https:\/\/www.zollas.de\/pl\/wp-json\/wp\/v2\/pages\/326\/revisions\/865"}],"wp:attachment":[{"href":"https:\/\/www.zollas.de\/pl\/wp-json\/wp\/v2\/media?parent=326"}],"curies":[{"name":"wp","href":"https:\/\/api.w.org\/{rel}","templated":true}]}}