{"id":330,"date":"2016-03-21T12:40:47","date_gmt":"2016-03-21T11:40:47","guid":{"rendered":"https:\/\/www.zollas.de\/pl\/das-zoll-abc\/"},"modified":"2016-04-15T15:23:39","modified_gmt":"2016-04-15T13:23:39","slug":"abc-cla","status":"publish","type":"page","link":"https:\/\/www.zollas.de\/pl\/abc-cla\/","title":{"rendered":"\u201eABC C\u0142a\u201c"},"content":{"rendered":"<section class=\"wpb-content-wrapper\"><p>[vc_row slope_top=&#8221;slope-top&#8221; slope_top_pos=&#8221;slope-top-outside&#8221; slope_top_height=&#8221;50px&#8221; slope_top_color=&#8221;#e8f5f2&#8243; bg_color=&#8221;#e8f5f2&#8243;][vc_column width=&#8221;1\/6&#8243;][\/vc_column][vc_column width=&#8221;3\/6&#8243;][vc_column_text]<\/p>\n<h2>Od \u201eATLAS Wyw\u00f3z\u201c po \u201eUpowa\u017cniony Podmiot Gospodarczy\u201c<\/h2>\n<p>Tutaj zebrali\u015bmy dla Pa\u0144stwa wa\u017cne s\u0142owa i poj\u0119cia z tematyki celnej. Je\u015bli mimo to nasun\u0105 si\u0119 Pa\u0144stwu dalsze pytania, czekamy na <a href=\"https:\/\/www.zollas.de\/pl\/kontakt\/\">kontakt z Pa\u0144stwa strony<\/a>![\/vc_column_text][\/vc_column][vc_column width=&#8221;2\/6&#8243;][vc_single_image image=&#8221;176&#8243; img_size=&#8221;300&#215;200&#8243;][\/vc_column][\/vc_row][vc_row bottom=&#8221;90px&#8221; slope_top=&#8221;slope-top&#8221; slope_top_pos=&#8221;slope-top-outside&#8221; slope_top_height=&#8221;50px&#8221; slope_top_color=&#8221;#ffffff&#8221;][vc_column width=&#8221;1\/6&#8243;][\/vc_column][vc_column width=&#8221;4\/6&#8243;][vc_accordion style=&#8221;accordion_minimal&#8221;][vc_accordion_tab title=&#8221;ATLAS Wyw\u00f3z&#8221;][vc_column_text]W przypadku warto\u015bci towaru od <strong>1000.- EUR<\/strong> i\/lub od wagi <strong>1000 kg<\/strong> musi zosta\u0107 sporz\u0105dzone elektroniczne zg\u0142oszenie wywozu. Mog\u0105 Pa\u0144stwo dokona\u0107 tego bezpo\u015brednio na granicy.<\/p>\n<p>W przypadku warto\u015bci towaru od <strong>3000.- EUR<\/strong> nale\u017cy 24 godziny przed za\u0142adunkiem z\u0142o\u017cy\u0107 we w\u0142a\u015bciwym urz\u0119dzie celnym wywozu (urz\u0105d celny wewn\u0119trzny) elektroniczny wniosek wywozowy. Dopiero po otrzymaniu zg\u0142oszenia wywozowego w formie pliku PDF towar mo\u017ce zosta\u0107 za\u0142adowany.[\/vc_column_text][\/vc_accordion_tab][vc_accordion_tab title=&#8221;ATLAS Przyw\u00f3z&#8221;][vc_column_text]Oclenie przywozu do UE.[\/vc_column_text][\/vc_accordion_tab][vc_accordion_tab title=&#8221;Karnet T.I.R.&#8221;][vc_column_text]Specjalna procedura tranzytowa przez wiele kraj\u00f3w.[\/vc_column_text][\/vc_accordion_tab][vc_accordion_tab title=&#8221;e-dec Przyw\u00f3z&#8221;][vc_column_text]Oclenie przywozu do Szwajcarii.[\/vc_column_text][\/vc_accordion_tab][vc_accordion_tab title=&#8221;Numery EORI&#8221;][vc_column_text]7-cyfrowy numer celny s\u0142u\u017cy jako kod identyfikacyjny wzgl\u0119dnie rejestracyjny, pod kt\u00f3rym zarejestrowane s\u0105 dane adresowe podmiotu i ewentualnie udzielone mu przez administracj\u0119 celn\u0105 zezwolenia oraz udost\u0119pnione mu po\u0142\u0105czenia sieciowe (z zachowaniem ochrony danych).<\/p>\n<p>Obowi\u0105zek podawania numeru celnego maj\u0105 podmioty gospodarcze. S\u0105 to osoby, kt\u00f3re w ramach swojej dzia\u0142alno\u015bci gospodarczej zajmuj\u0105 si\u0119 dzia\u0142alno\u015bci\u0105 podlegaj\u0105c\u0105 prawu celnemu.<\/p>\n<p>Numer celny nale\u017cy w zg\u0142oszeniach celnych podawa\u0107 dla:<\/p>\n<ul>\n<li>zg\u0142aszaj\u0105cego i jego przedstawiciela<\/li>\n<li>odbiorcy w przypadku przywozu<\/li>\n<li>nadawcy\/eksportera i podwykonawcy w przypadku wysy\u0142ki\/wywozu<\/li>\n<li>g\u0142\u00f3wnego zobowi\u0105zanego<\/li>\n<\/ul>\n<p>Obowi\u0105zek podawania numeru celnego obejmuje r\u00f3wnie\u017c podmioty maj\u0105ce swoj\u0105 siedzib\u0119 za granic\u0105.<\/p>\n<p>Pozosta\u0142e osoby nie b\u0119d\u0105ce podmiotami gospodarczymi (osoby prywatne) nie s\u0105 zobowi\u0105zane do podawania numeru celnego w zg\u0142oszeniach celnych, i to tak\u017ce wtedy, gdy s\u0105 reprezentowane bezpo\u015brednio przez jakiego\u015b us\u0142ugodawc\u0119 (np. us\u0142ugodawc\u0119 \u015bwiadcz\u0105cego us\u0142ugi pocztowe i ekspresowe). Jednak obowi\u0105zek podawania numeru celnego obejmuje tak\u017ce osoby prywatne w przypadku wywoz\u00f3w wymagaj\u0105cych zezwolenia.<\/p>\n<p>Wniosek o nadanie numeru EORI mog\u0105 Pa\u0144stwo z\u0142o\u017cy\u0107 na stronach <a href=\"http:\/\/www.zoll.de\/b0_zoll_und_steuern\/a0_zoelle\/a1_grundlage_zollrecht\/e0_azr_zollnummer\/49_antragsverfahren\/index.html\">www.zoll.de<\/a>[\/vc_column_text][\/vc_accordion_tab][vc_accordion_tab title=&#8221;NCTS Wyw\u00f3z&#8221;][vc_column_text]Oclenie wywozu ze Szwajcarii.[\/vc_column_text][\/vc_accordion_tab][vc_accordion_tab title=&#8221;Procedury tranzytowe&#8221;][vc_column_text]Procedura<strong> T1<\/strong> stosowana jest dla przesy\u0142ek, kt\u00f3re przechodz\u0105 nieoclone przez jaki\u015b kraj cz\u0142onkowski UE do kraju przeznaczenia i tam zostaj\u0105 oclone. Dotyczy r\u00f3wnie\u017c przesy\u0142ek, kt\u00f3re importer chce sam ocli\u0107 w swoim zak\u0142adzie lub przez swojego spedytora.<\/p>\n<p>Procedura<strong> T2<\/strong> stosowana jest dla przesy\u0142ek z kraju cz\u0142onkowskiego UE przez Szwajcari\u0119 do innego kraju cz\u0142onkowskiego (np. z Niemiec do W\u0142och).[\/vc_column_text][\/vc_accordion_tab][vc_accordion_tab title=&#8221;Odprawa czasowa&#8221;][vc_column_text]Dotyczy towar\u00f3w przeznaczonych do test\u00f3w, na wystawy, do napraw itd., kt\u00f3re s\u0105 tylko tymczasowo przywo\u017cone i wywo\u017cone.[\/vc_column_text][\/vc_accordion_tab][vc_accordion_tab title=&#8221;Upowa\u017cniony Podmiot Gospodarczy (AEO)&#8221;][vc_column_text]Co kryje si\u0119 za skr\u00f3tem \u201eAEO\u201c? Skr\u00f3t AEO oznacza \u201eAuthorised Economic Operator\u201c. Ze wzgl\u0119du na mi\u0119dzynarodowy charakter certyfikatu to okre\u015blenie zyska\u0142o popularno\u015b\u0107 w przeciwie\u0144stwie do niemieckiego skr\u00f3tu \u201eZWB\u201c czyli \u201eZugelassener Wirtschaftsbeteiligter\u201c.<\/p>\n<p>Kulisy powstania certyfikatu: Post\u0119puj\u0105ca globalizacja oraz zmieniona sytuacja bezpiecze\u0144stwa sk\u0142oni\u0142y \u015awiatow\u0105 Organizacj\u0119 Celn\u0105 (WCO) do stworzenia przy pomocy \u201eFramework of Standard to Secure and Facilitate Global Trade\u201c (SAFE) obowi\u0105zuj\u0105cych na ca\u0142ym \u015bwiecie warunk\u00f3w ramowych dla nowoczesnego i skutecznego zarz\u0105dzania ryzykiem w administracjach celnych.<\/p>\n<p>Na p\u0142aszczy\u017anie europejskiej aspekty polityki bezpiecze\u0144stwa SAFE zosta\u0142y wdro\u017cone poprzez dokonanie w kodeksie celnym oraz w rozporz\u0105dzeniu wykonawczym do kodeksu celnego zmian dotycz\u0105cych bezpiecze\u0144stwa. Wprowadzenie instytucji Upowa\u017cnionego Podmiotu Gospodarczego (AEO \u2013 Authorised Economic Operator) stanowi istotny element koncepcji bezpiecze\u0144stwa UE.<\/p>\n<p><em>Informacje dotycz\u0105ce \u017ar\u00f3de\u0142: To jest wyci\u0105g z <\/em><em><a href=\"http:\/\/www.zoll.de\/faq\/faq_aeo\/\">ZOLL.de Najcz\u0119\u015bciej zadawane pytania (FAQ) na temat AEO<\/a>. <em>Dalsze informacje znajd\u0105 Pa\u0144stwo na stronie <\/em> <a href=\"http:\/\/www.zoll.de\/b0_zoll_und_steuern\/a0_zoelle\/l0_zugelassener_wirtschaftsbeteiligter\/index.html\">www.zoll.de<\/a><\/em>[\/vc_column_text][\/vc_accordion_tab][\/vc_accordion][\/vc_column][vc_column width=&#8221;1\/6&#8243;][\/vc_column][\/vc_row]<\/p>\n<\/section>","protected":false},"excerpt":{"rendered":"<p>[vc_row slope_top=&#8221;slope-top&#8221; slope_top_pos=&#8221;slope-top-outside&#8221; slope_top_height=&#8221;50px&#8221; slope_top_color=&#8221;#e8f5f2&#8243; bg_color=&#8221;#e8f5f2&#8243;][vc_column width=&#8221;1\/6&#8243;][\/vc_column][vc_column width=&#8221;3\/6&#8243;][vc_column_text] Od \u201eATLAS Wyw\u00f3z\u201c po \u201eUpowa\u017cniony Podmiot Gospodarczy\u201c Tutaj zebrali\u015bmy dla Pa\u0144stwa wa\u017cne s\u0142owa i poj\u0119cia z tematyki celnej. Je\u015bli mimo to nasun\u0105 si\u0119 Pa\u0144stwu dalsze pytania, czekamy na kontakt z Pa\u0144stwa strony![\/vc_column_text][\/vc_column][vc_column width=&#8221;2\/6&#8243;][vc_single_image image=&#8221;176&#8243; img_size=&#8221;300&#215;200&#8243;][\/vc_column][\/vc_row][vc_row bottom=&#8221;90px&#8221; slope_top=&#8221;slope-top&#8221; slope_top_pos=&#8221;slope-top-outside&#8221; slope_top_height=&#8221;50px&#8221; slope_top_color=&#8221;#ffffff&#8221;][vc_column width=&#8221;1\/6&#8243;][\/vc_column][vc_column width=&#8221;4\/6&#8243;][vc_accordion style=&#8221;accordion_minimal&#8221;][vc_accordion_tab title=&#8221;ATLAS Wyw\u00f3z&#8221;][vc_column_text]W przypadku warto\u015bci towaru od 1000.- EUR i\/lub od wagi 1000 kg musi zosta\u0107 sporz\u0105dzone elektroniczne zg\u0142oszenie wywozu. Mog\u0105 Pa\u0144stwo dokona\u0107 tego bezpo\u015brednio&#8230;  <\/p>\n<div class=\"read-more\"><a class=\"excerpt-read-more\" href=\"https:\/\/www.zollas.de\/pl\/abc-cla\/\" title=\"Continue reading \u201eABC C\u0142a\u201c\">Read more<i class=\"fa fa-angle-right\"><\/i><\/a><\/div>\n","protected":false},"author":1,"featured_media":0,"parent":0,"menu_order":0,"comment_status":"closed","ping_status":"closed","template":"page-full-width.php","meta":{"inline_featured_image":false,"footnotes":""},"yoast_head":"<!-- This site is optimized with the Yoast SEO plugin v21.4 - https:\/\/yoast.com\/wordpress\/plugins\/seo\/ -->\n<title>\u201eABC C\u0142a\u201c - Zollas Verzollungen GmbH<\/title>\n<meta name=\"description\" content=\"Od \u201eATLAS Wyw\u00f3z\u201c po \u201eUpowa\u017cniony Podmiot Gospodarczy\u201c \u2013 w \u201eABC C\u0142a\u201d zebrali\u015bmy dla Pa\u0144stwa wa\u017cne poj\u0119cia z tematyki celnej.\" \/>\n<meta name=\"robots\" content=\"index, follow, max-snippet:-1, max-image-preview:large, max-video-preview:-1\" \/>\n<link rel=\"canonical\" href=\"https:\/\/www.zollas.de\/pl\/abc-cla\/\" \/>\n<meta property=\"og:locale\" content=\"pl_PL\" \/>\n<meta property=\"og:type\" content=\"article\" \/>\n<meta property=\"og:title\" content=\"\u201eABC C\u0142a\u201c - Zollas Verzollungen GmbH\" \/>\n<meta property=\"og:description\" content=\"Od \u201eATLAS Wyw\u00f3z\u201c po \u201eUpowa\u017cniony Podmiot Gospodarczy\u201c \u2013 w \u201eABC C\u0142a\u201d zebrali\u015bmy dla Pa\u0144stwa wa\u017cne poj\u0119cia z tematyki celnej.\" \/>\n<meta property=\"og:url\" content=\"https:\/\/www.zollas.de\/pl\/abc-cla\/\" \/>\n<meta property=\"og:site_name\" content=\"Zollas Verzollungen GmbH\" \/>\n<meta property=\"article:modified_time\" content=\"2016-04-15T13:23:39+00:00\" \/>\n<meta name=\"twitter:card\" content=\"summary_large_image\" \/>\n<meta name=\"twitter:label1\" content=\"Szacowany czas czytania\" \/>\n\t<meta name=\"twitter:data1\" content=\"4 minuty\" \/>\n<script type=\"application\/ld+json\" class=\"yoast-schema-graph\">{\"@context\":\"https:\/\/schema.org\",\"@graph\":[{\"@type\":\"WebPage\",\"@id\":\"https:\/\/www.zollas.de\/pl\/abc-cla\/\",\"url\":\"https:\/\/www.zollas.de\/pl\/abc-cla\/\",\"name\":\"\u201eABC C\u0142a\u201c - Zollas Verzollungen GmbH\",\"isPartOf\":{\"@id\":\"https:\/\/www.zollas.de\/pl\/#website\"},\"datePublished\":\"2016-03-21T11:40:47+00:00\",\"dateModified\":\"2016-04-15T13:23:39+00:00\",\"description\":\"Od \u201eATLAS Wyw\u00f3z\u201c po \u201eUpowa\u017cniony Podmiot Gospodarczy\u201c \u2013 w \u201eABC C\u0142a\u201d zebrali\u015bmy dla Pa\u0144stwa wa\u017cne poj\u0119cia z tematyki celnej.\",\"breadcrumb\":{\"@id\":\"https:\/\/www.zollas.de\/pl\/abc-cla\/#breadcrumb\"},\"inLanguage\":\"pl-PL\",\"potentialAction\":[{\"@type\":\"ReadAction\",\"target\":[\"https:\/\/www.zollas.de\/pl\/abc-cla\/\"]}]},{\"@type\":\"BreadcrumbList\",\"@id\":\"https:\/\/www.zollas.de\/pl\/abc-cla\/#breadcrumb\",\"itemListElement\":[{\"@type\":\"ListItem\",\"position\":1,\"name\":\"Home\",\"item\":\"https:\/\/www.zollas.de\/pl\/\"},{\"@type\":\"ListItem\",\"position\":2,\"name\":\"\u201eABC C\u0142a\u201c\"}]},{\"@type\":\"WebSite\",\"@id\":\"https:\/\/www.zollas.de\/pl\/#website\",\"url\":\"https:\/\/www.zollas.de\/pl\/\",\"name\":\"Zollas Verzollungen GmbH\",\"description\":\"\",\"potentialAction\":[{\"@type\":\"SearchAction\",\"target\":{\"@type\":\"EntryPoint\",\"urlTemplate\":\"https:\/\/www.zollas.de\/pl\/?s={search_term_string}\"},\"query-input\":\"required name=search_term_string\"}],\"inLanguage\":\"pl-PL\"}]}<\/script>\n<!-- \/ Yoast SEO plugin. -->","yoast_head_json":{"title":"\u201eABC C\u0142a\u201c - Zollas Verzollungen GmbH","description":"Od \u201eATLAS Wyw\u00f3z\u201c po \u201eUpowa\u017cniony Podmiot Gospodarczy\u201c \u2013 w \u201eABC C\u0142a\u201d zebrali\u015bmy dla Pa\u0144stwa wa\u017cne poj\u0119cia z tematyki celnej.","robots":{"index":"index","follow":"follow","max-snippet":"max-snippet:-1","max-image-preview":"max-image-preview:large","max-video-preview":"max-video-preview:-1"},"canonical":"https:\/\/www.zollas.de\/pl\/abc-cla\/","og_locale":"pl_PL","og_type":"article","og_title":"\u201eABC C\u0142a\u201c - Zollas Verzollungen GmbH","og_description":"Od \u201eATLAS Wyw\u00f3z\u201c po \u201eUpowa\u017cniony Podmiot Gospodarczy\u201c \u2013 w \u201eABC C\u0142a\u201d zebrali\u015bmy dla Pa\u0144stwa wa\u017cne poj\u0119cia z tematyki celnej.","og_url":"https:\/\/www.zollas.de\/pl\/abc-cla\/","og_site_name":"Zollas Verzollungen GmbH","article_modified_time":"2016-04-15T13:23:39+00:00","twitter_card":"summary_large_image","twitter_misc":{"Szacowany czas czytania":"4 minuty"},"schema":{"@context":"https:\/\/schema.org","@graph":[{"@type":"WebPage","@id":"https:\/\/www.zollas.de\/pl\/abc-cla\/","url":"https:\/\/www.zollas.de\/pl\/abc-cla\/","name":"\u201eABC C\u0142a\u201c - Zollas Verzollungen GmbH","isPartOf":{"@id":"https:\/\/www.zollas.de\/pl\/#website"},"datePublished":"2016-03-21T11:40:47+00:00","dateModified":"2016-04-15T13:23:39+00:00","description":"Od \u201eATLAS Wyw\u00f3z\u201c po \u201eUpowa\u017cniony Podmiot Gospodarczy\u201c \u2013 w \u201eABC C\u0142a\u201d zebrali\u015bmy dla Pa\u0144stwa wa\u017cne poj\u0119cia z tematyki celnej.","breadcrumb":{"@id":"https:\/\/www.zollas.de\/pl\/abc-cla\/#breadcrumb"},"inLanguage":"pl-PL","potentialAction":[{"@type":"ReadAction","target":["https:\/\/www.zollas.de\/pl\/abc-cla\/"]}]},{"@type":"BreadcrumbList","@id":"https:\/\/www.zollas.de\/pl\/abc-cla\/#breadcrumb","itemListElement":[{"@type":"ListItem","position":1,"name":"Home","item":"https:\/\/www.zollas.de\/pl\/"},{"@type":"ListItem","position":2,"name":"\u201eABC C\u0142a\u201c"}]},{"@type":"WebSite","@id":"https:\/\/www.zollas.de\/pl\/#website","url":"https:\/\/www.zollas.de\/pl\/","name":"Zollas Verzollungen GmbH","description":"","potentialAction":[{"@type":"SearchAction","target":{"@type":"EntryPoint","urlTemplate":"https:\/\/www.zollas.de\/pl\/?s={search_term_string}"},"query-input":"required name=search_term_string"}],"inLanguage":"pl-PL"}]}},"_links":{"self":[{"href":"https:\/\/www.zollas.de\/pl\/wp-json\/wp\/v2\/pages\/330"}],"collection":[{"href":"https:\/\/www.zollas.de\/pl\/wp-json\/wp\/v2\/pages"}],"about":[{"href":"https:\/\/www.zollas.de\/pl\/wp-json\/wp\/v2\/types\/page"}],"author":[{"embeddable":true,"href":"https:\/\/www.zollas.de\/pl\/wp-json\/wp\/v2\/users\/1"}],"replies":[{"embeddable":true,"href":"https:\/\/www.zollas.de\/pl\/wp-json\/wp\/v2\/comments?post=330"}],"version-history":[{"count":4,"href":"https:\/\/www.zollas.de\/pl\/wp-json\/wp\/v2\/pages\/330\/revisions"}],"predecessor-version":[{"id":379,"href":"https:\/\/www.zollas.de\/pl\/wp-json\/wp\/v2\/pages\/330\/revisions\/379"}],"wp:attachment":[{"href":"https:\/\/www.zollas.de\/pl\/wp-json\/wp\/v2\/media?parent=330"}],"curies":[{"name":"wp","href":"https:\/\/api.w.org\/{rel}","templated":true}]}}