{"id":333,"date":"2016-03-18T13:10:53","date_gmt":"2016-03-18T12:10:53","guid":{"rendered":"https:\/\/www.zollas.de\/pl\/home\/"},"modified":"2018-08-31T17:54:41","modified_gmt":"2018-08-31T15:54:41","slug":"home","status":"publish","type":"page","link":"https:\/\/www.zollas.de\/pl\/","title":{"rendered":"Home"},"content":{"rendered":"<section class=\"wpb-content-wrapper\"><p>[vc_row full_content_width=&#8221;row-inner-full&#8221; top=&#8221;0&#8243; bottom=&#8221;0&#8243; slope_bottom=&#8221;slope-bottom&#8221; slope_bottom_height=&#8221;50px&#8221; slope_bottom_color=&#8221;#ffffff&#8221;][vc_column]\n\t\t\t<!-- START Home PL REVOLUTION SLIDER 6.6.15 --><p class=\"rs-p-wp-fix\"><\/p>\n\t\t\t<rs-module-wrap id=\"rev_slider_3_1_wrapper\" data-source=\"gallery\" style=\"visibility:hidden;background:#006346;padding:0;margin:0px auto;margin-top:0;margin-bottom:0;\">\n\t\t\t\t<rs-module id=\"rev_slider_3_1\" style=\"\" data-version=\"6.6.15\">\n\t\t\t\t\t<rs-slides style=\"overflow: hidden; position: absolute;\">\n\t\t\t\t\t\t<rs-slide style=\"position: absolute;\" data-key=\"rs-3\" data-title=\"Slide\" data-anim=\"adpr:false;\">\n\t\t\t\t\t\t\t<img src=\"\/\/www.zollas.de\/wp-content\/plugins\/revslider\/public\/assets\/assets\/dummy.png\" alt=\"\" title=\"Home\" class=\"rev-slidebg tp-rs-img rs-lazyload\" data-lazyload=\"\/\/www.zollas.de\/wp-content\/uploads\/2016\/03\/Zollas-Verzollungen-GmbH-Header-Hintergrund.png\" data-bg=\"p:center top;r:repeat-x;\" data-no-retina>\n<!--\n\t\t\t\t\t\t\t--><rs-layer\n\t\t\t\t\t\t\t\tid=\"slider-3-slide-3-layer-2\" \n\t\t\t\t\t\t\t\tdata-type=\"image\"\n\t\t\t\t\t\t\t\tdata-rsp_ch=\"on\"\n\t\t\t\t\t\t\t\tdata-xy=\"x:c;y:b;yo:30px,-30px,-75px,-110px;\"\n\t\t\t\t\t\t\t\tdata-text=\"l:22;\"\n\t\t\t\t\t\t\t\tdata-dim=\"w:1200px,1000px,800px,600px;h:500px,500,500,500;\"\n\t\t\t\t\t\t\t\tdata-frame_0=\"tp:600;\"\n\t\t\t\t\t\t\t\tdata-frame_1=\"tp:600;e:power2.inOut;st:500;sp:50;\"\n\t\t\t\t\t\t\t\tdata-frame_999=\"o:0;tp:600;e:nothing;st:w;\"\n\t\t\t\t\t\t\t\tstyle=\"z-index:5;\"\n\t\t\t\t\t\t\t><img src=\"\/\/www.zollas.de\/wp-content\/plugins\/revslider\/public\/assets\/assets\/dummy.png\" alt=\"Zollas Verzollungen GmbH - Grafik Home\" class=\"tp-rs-img rs-lazyload\" data-lazyload=\"\/\/www.zollas.de\/wp-content\/uploads\/2016\/03\/Zollas-Verzollungen-GmbH-Grafik-Home.svg\" data-no-retina> \n\t\t\t\t\t\t\t<\/rs-layer><!--\n\n\t\t\t\t\t\t\t--><rs-layer\n\t\t\t\t\t\t\t\tid=\"slider-3-slide-3-layer-3\" \n\t\t\t\t\t\t\t\tdata-type=\"image\"\n\t\t\t\t\t\t\t\tdata-rsp_ch=\"on\"\n\t\t\t\t\t\t\t\tdata-xy=\"x:c;y:b;yo:30px,-30px,-75px,-110px;\"\n\t\t\t\t\t\t\t\tdata-text=\"l:22;\"\n\t\t\t\t\t\t\t\tdata-dim=\"w:1200px,1000px,800px,600px;h:500px,500,500,500;\"\n\t\t\t\t\t\t\t\tdata-frame_0=\"tp:600;\"\n\t\t\t\t\t\t\t\tdata-frame_1=\"tp:600;e:power2.inOut;st:500;sp:1000;\"\n\t\t\t\t\t\t\t\tdata-frame_999=\"o:0;tp:600;e:nothing;st:w;\"\n\t\t\t\t\t\t\t\tstyle=\"z-index:6;\"\n\t\t\t\t\t\t\t><img src=\"\/\/www.zollas.de\/wp-content\/plugins\/revslider\/public\/assets\/assets\/dummy.png\" alt=\"\" class=\"tp-rs-img rs-lazyload\" data-lazyload=\"\/\/www.zollas.de\/wp-content\/uploads\/2016\/03\/Zollas-Verzollungen-GmbH-Grafik-Home-Text-PL.svg\" data-no-retina> \n\t\t\t\t\t\t\t<\/rs-layer><!--\n-->\t\t\t\t\t\t<\/rs-slide>\n\t\t\t\t\t<\/rs-slides>\n\t\t\t\t<\/rs-module>\n\t\t\t\t<script>\n\t\t\t\t\tsetREVStartSize({c: 'rev_slider_3_1',rl:[1240,1024,778,480],el:[],gw:[1240,1024,778,480],gh:[660,560,460,410],type:'standard',justify:'',layout:'fullwidth',mh:\"0\"});if (window.RS_MODULES!==undefined && window.RS_MODULES.modules!==undefined && window.RS_MODULES.modules[\"revslider31\"]!==undefined) {window.RS_MODULES.modules[\"revslider31\"].once = false;window.revapi3 = undefined;if (window.RS_MODULES.checkMinimal!==undefined) window.RS_MODULES.checkMinimal()}\n\t\t\t\t<\/script>\n\t\t\t<\/rs-module-wrap>\n\t\t\t<!-- END REVOLUTION SLIDER -->\n[\/vc_column][\/vc_row][vc_row textalign=&#8221;left&#8221;][vc_column width=&#8221;2\/3&#8243;][vc_column_text]<\/p>\n<h1>Serdecznie witamy!<\/h1>\n<h2>Willkommen! Welcome! Gruezi! Bienvenuti! Bienvenue!<\/h2>\n<p>Szukaj\u0105 Pa\u0144stwo niezale\u017cnego, profesjonalnego i niezawodnego us\u0142ugodawcy w kwestiach celnych? Wybieraj\u0105c nas dobrze Pa\u0144stwo trafili!<\/p>\n<p>Naszym klientom biznesowym z bran\u017cy przemys\u0142owej i spedycyjnej dostarczamy wszelkich niezb\u0119dnych informacji na temat importu i eksportu oraz \u015bwiadczymy us\u0142ugi w tym zakresie. Jako samodzielny us\u0142ugodawca jeste\u015bmy zawsze niezale\u017cni od spedycji i innych przedsi\u0119biorstw. Nasz\u0105 dzia\u0142alno\u015b\u0107 pojmujemy jako rol\u0119 neutralnego specjalisty i po\u015brednika pomi\u0119dzy wszystkimi nowoczesnymi mi\u0119dzynarodowymi podmiotami handlu zagranicznego.<\/p>\n<h5>Wsp\u00f3\u0142pracuj\u0105c z prawdziwymi ekspertami celnymi oszcz\u0119dzaj\u0105 Pa\u0144stwo czas i pieni\u0105dze!<\/h5>\n<p>[\/vc_column_text][vc_single_image image=&#8221;22&#8243; img_size=&#8221;95&#215;95&#8243; alignment=&#8221;center&#8221; css=&#8221;.vc_custom_1458311034370{padding-top: 25px !important;}&#8221;][\/vc_column][vc_column width=&#8221;1\/3&#8243; el_class=&#8221;news-home&#8221;][vc_column_text]<\/p>\n<h3>Nowo\u015bci<\/h3>\n<p>[\/vc_column_text][vc_basic_grid post_type=&#8221;post&#8221; max_items=&#8221;1&#8243; element_width=&#8221;12&#8243; gap=&#8221;0&#8243; item=&#8221;437&#8243; grid_id=&#8221;vc_gid:1535730837639-c2934c3e-4a31-0&#8243; css=&#8221;.vc_custom_1485943561673{margin-top: 0px !important;padding-top: 20px !important;padding-left: 0px !important;}&#8221;][\/vc_column][\/vc_row][vc_row slope_top=&#8221;slope-top&#8221; slope_top_pos=&#8221;slope-top-outside&#8221; slope_top_height=&#8221;50px&#8221; slope_top_color=&#8221;#e8f5f2&#8243; bg_color=&#8221;#e8f5f2&#8243;][vc_column textalign=&#8221;center&#8221; width=&#8221;1\/2&#8243; css=&#8221;.vc_custom_1458311446150{padding-bottom: 60px !important;}&#8221;][vc_single_image image=&#8221;153&#8243; img_size=&#8221;175&#215;125&#8243; alignment=&#8221;center&#8221; css=&#8221;.vc_custom_1458575395157{padding-bottom: 25px !important;}&#8221;][vc_column_text]<\/p>\n<h2>Doradztwo celne<\/h2>\n<p>Nasz zesp\u00f3\u0142 jest do Pa\u0144stwa dyspozycji tak\u017ce w przypadku niecodziennych pyta\u0144 dotycz\u0105cych transgranicznego obrotu towarowego.<\/p>\n<h5><a href=\"https:\/\/www.zollas.de\/pl\/doradztwo-celne\/\">NASZE NIEZALE\u017bNE DORADZTWO CELNE\u2026<\/a><\/h5>\n<p>[\/vc_column_text][\/vc_column][vc_column textalign=&#8221;center&#8221; width=&#8221;1\/2&#8243; css=&#8221;.vc_custom_1458311454301{padding-bottom: 60px !important;}&#8221;][vc_single_image image=&#8221;152&#8243; img_size=&#8221;175&#215;125&#8243; alignment=&#8221;center&#8221; css=&#8221;.vc_custom_1458575418575{padding-bottom: 25px !important;}&#8221;][vc_column_text]<\/p>\n<h2>Obs\u0142uga celna<\/h2>\n<p>Za\u0142atwimy dla Pa\u0144stwa wszystkie formalno\u015bci i dokumenty, kt\u00f3re wymagane s\u0105 przy odprawie celnej w imporcie i eksporcie w transgranicznym obrocie towarowym.<\/p>\n<h5><a href=\"https:\/\/www.zollas.de\/pl\/obsluga-celna\/\">TAK OTWIERAMY DLA PA\u0143STWA GRANICE\u2026<\/a><\/h5>\n<p>[\/vc_column_text][\/vc_column][\/vc_row][vc_row top=&#8221;30px&#8221; bg_type=&#8221;image&#8221; bg_repeat=&#8221;repeat-x&#8221; bg_position=&#8221;&#8221; slope_top=&#8221;slope-top&#8221; slope_top_pos=&#8221;slope-top-outside&#8221; slope_top_height=&#8221;50px&#8221; bg_color=&#8221;#21a47e&#8221; slope_top_color=&#8221;#005c41&#8243; el_class=&#8221;white&#8221; bg_image=&#8221;181&#8243;][vc_column textalign=&#8221;center&#8221;][vc_single_image image=&#8221;151&#8243; img_size=&#8221;175&#215;125&#8243; alignment=&#8221;center&#8221; css=&#8221;.vc_custom_1458575445562{padding-bottom: 25px !important;}&#8221;][vc_column_text css=&#8221;.vc_custom_1535730881446{padding-bottom: 25px !important;}&#8221;]<\/p>\n<h2>Jak mo\u017cemy Pa\u0144stwu pom\u00f3c?<\/h2>\n<p>Jeste\u015bmy do Pa\u0144stwa dyspozycji we wszystkich kwestiach celnych i czekamy na kontakt z Pa\u0144stwa strony!<\/p>\n<p><span style=\"font-weight: 500;\">Telefon w Niemczech: <a href=\"tel:\/\/+497734936590\">+49 7734 \/ 93 65 90<\/a> \u00a0 | \u00a0 Telefon w Szwajcarii: <a href=\"tel:\/\/+41526491080\">+41 52 \/ 64 91 080<\/a> \u00a0 | \u00a0 E-Mail: <a href=\"mailto:info@zollas.de\">info@zollas.de<\/a><\/span>[\/vc_column_text][vc_button title=&#8221;Kontakt z nami!&#8221; size=&#8221;btn-large&#8221; color=&#8221;btn_white&#8221; link=&#8221;url:http%3A%2F%2Fwww.zollas.de%2Fpl%2Fkontakt%2F||&#8221;][\/vc_column][\/vc_row]<\/p>\n<\/section>","protected":false},"excerpt":{"rendered":"<p>[vc_row full_content_width=&#8221;row-inner-full&#8221; top=&#8221;0&#8243; bottom=&#8221;0&#8243; slope_bottom=&#8221;slope-bottom&#8221; slope_bottom_height=&#8221;50px&#8221; slope_bottom_color=&#8221;#ffffff&#8221;][vc_column][\/vc_column][\/vc_row][vc_row textalign=&#8221;left&#8221;][vc_column width=&#8221;2\/3&#8243;][vc_column_text] Serdecznie witamy! Willkommen! Welcome! Gruezi! Bienvenuti! Bienvenue! Szukaj\u0105 Pa\u0144stwo niezale\u017cnego, profesjonalnego i niezawodnego us\u0142ugodawcy w kwestiach celnych? Wybieraj\u0105c nas dobrze Pa\u0144stwo trafili! Naszym klientom biznesowym z bran\u017cy przemys\u0142owej i spedycyjnej dostarczamy wszelkich niezb\u0119dnych informacji na temat importu i eksportu oraz \u015bwiadczymy us\u0142ugi w tym zakresie. Jako samodzielny us\u0142ugodawca jeste\u015bmy zawsze niezale\u017cni od spedycji i innych przedsi\u0119biorstw. Nasz\u0105 dzia\u0142alno\u015b\u0107 pojmujemy jako rol\u0119 neutralnego specjalisty i po\u015brednika pomi\u0119dzy&#8230;  <\/p>\n<div class=\"read-more\"><a class=\"excerpt-read-more\" href=\"https:\/\/www.zollas.de\/pl\/\" title=\"Continue reading Home\">Read more<i class=\"fa fa-angle-right\"><\/i><\/a><\/div>\n","protected":false},"author":1,"featured_media":0,"parent":0,"menu_order":0,"comment_status":"closed","ping_status":"closed","template":"page-full-width.php","meta":{"inline_featured_image":false,"footnotes":""},"yoast_head":"<!-- This site is optimized with the Yoast SEO plugin v21.4 - https:\/\/yoast.com\/wordpress\/plugins\/seo\/ -->\n<title>Zollas Verzollungen GmbH<\/title>\n<meta name=\"description\" content=\"Szukaj\u0105 Pa\u0144stwo niezale\u017cnego, profesjonalnego i niezawodnego us\u0142ugodawcy w kwestiach celnych? Wybieraj\u0105c Zollas Verzollungen GmbH dobrze Pa\u0144stwo trafili!\" \/>\n<meta name=\"robots\" content=\"index, follow, max-snippet:-1, max-image-preview:large, max-video-preview:-1\" \/>\n<link rel=\"canonical\" href=\"https:\/\/www.zollas.de\/pl\/\" \/>\n<meta property=\"og:locale\" content=\"pl_PL\" \/>\n<meta property=\"og:type\" content=\"article\" \/>\n<meta property=\"og:title\" content=\"Zollas Verzollungen GmbH\" \/>\n<meta property=\"og:description\" content=\"Szukaj\u0105 Pa\u0144stwo niezale\u017cnego, profesjonalnego i niezawodnego us\u0142ugodawcy w kwestiach celnych? Wybieraj\u0105c Zollas Verzollungen GmbH dobrze Pa\u0144stwo trafili!\" \/>\n<meta property=\"og:url\" content=\"https:\/\/www.zollas.de\/pl\/\" \/>\n<meta property=\"og:site_name\" content=\"Zollas Verzollungen GmbH\" \/>\n<meta property=\"article:modified_time\" content=\"2018-08-31T15:54:41+00:00\" \/>\n<meta name=\"twitter:card\" content=\"summary_large_image\" \/>\n<meta name=\"twitter:label1\" content=\"Szacowany czas czytania\" \/>\n\t<meta name=\"twitter:data1\" content=\"2 minuty\" \/>\n<script type=\"application\/ld+json\" class=\"yoast-schema-graph\">{\"@context\":\"https:\/\/schema.org\",\"@graph\":[{\"@type\":\"WebPage\",\"@id\":\"https:\/\/www.zollas.de\/pl\/\",\"url\":\"https:\/\/www.zollas.de\/pl\/\",\"name\":\"Zollas Verzollungen GmbH\",\"isPartOf\":{\"@id\":\"https:\/\/www.zollas.de\/pl\/#website\"},\"datePublished\":\"2016-03-18T12:10:53+00:00\",\"dateModified\":\"2018-08-31T15:54:41+00:00\",\"description\":\"Szukaj\u0105 Pa\u0144stwo niezale\u017cnego, profesjonalnego i niezawodnego us\u0142ugodawcy w kwestiach celnych? Wybieraj\u0105c Zollas Verzollungen GmbH dobrze Pa\u0144stwo trafili!\",\"breadcrumb\":{\"@id\":\"https:\/\/www.zollas.de\/pl\/#breadcrumb\"},\"inLanguage\":\"pl-PL\",\"potentialAction\":[{\"@type\":\"ReadAction\",\"target\":[\"https:\/\/www.zollas.de\/pl\/\"]}]},{\"@type\":\"BreadcrumbList\",\"@id\":\"https:\/\/www.zollas.de\/pl\/#breadcrumb\",\"itemListElement\":[{\"@type\":\"ListItem\",\"position\":1,\"name\":\"Home\",\"item\":\"https:\/\/www.zollas.de\/pl\/\"},{\"@type\":\"ListItem\",\"position\":2,\"name\":\"Home\"}]},{\"@type\":\"WebSite\",\"@id\":\"https:\/\/www.zollas.de\/pl\/#website\",\"url\":\"https:\/\/www.zollas.de\/pl\/\",\"name\":\"Zollas Verzollungen GmbH\",\"description\":\"\",\"potentialAction\":[{\"@type\":\"SearchAction\",\"target\":{\"@type\":\"EntryPoint\",\"urlTemplate\":\"https:\/\/www.zollas.de\/pl\/?s={search_term_string}\"},\"query-input\":\"required name=search_term_string\"}],\"inLanguage\":\"pl-PL\"}]}<\/script>\n<!-- \/ Yoast SEO plugin. -->","yoast_head_json":{"title":"Zollas Verzollungen GmbH","description":"Szukaj\u0105 Pa\u0144stwo niezale\u017cnego, profesjonalnego i niezawodnego us\u0142ugodawcy w kwestiach celnych? Wybieraj\u0105c Zollas Verzollungen GmbH dobrze Pa\u0144stwo trafili!","robots":{"index":"index","follow":"follow","max-snippet":"max-snippet:-1","max-image-preview":"max-image-preview:large","max-video-preview":"max-video-preview:-1"},"canonical":"https:\/\/www.zollas.de\/pl\/","og_locale":"pl_PL","og_type":"article","og_title":"Zollas Verzollungen GmbH","og_description":"Szukaj\u0105 Pa\u0144stwo niezale\u017cnego, profesjonalnego i niezawodnego us\u0142ugodawcy w kwestiach celnych? Wybieraj\u0105c Zollas Verzollungen GmbH dobrze Pa\u0144stwo trafili!","og_url":"https:\/\/www.zollas.de\/pl\/","og_site_name":"Zollas Verzollungen GmbH","article_modified_time":"2018-08-31T15:54:41+00:00","twitter_card":"summary_large_image","twitter_misc":{"Szacowany czas czytania":"2 minuty"},"schema":{"@context":"https:\/\/schema.org","@graph":[{"@type":"WebPage","@id":"https:\/\/www.zollas.de\/pl\/","url":"https:\/\/www.zollas.de\/pl\/","name":"Zollas Verzollungen GmbH","isPartOf":{"@id":"https:\/\/www.zollas.de\/pl\/#website"},"datePublished":"2016-03-18T12:10:53+00:00","dateModified":"2018-08-31T15:54:41+00:00","description":"Szukaj\u0105 Pa\u0144stwo niezale\u017cnego, profesjonalnego i niezawodnego us\u0142ugodawcy w kwestiach celnych? Wybieraj\u0105c Zollas Verzollungen GmbH dobrze Pa\u0144stwo trafili!","breadcrumb":{"@id":"https:\/\/www.zollas.de\/pl\/#breadcrumb"},"inLanguage":"pl-PL","potentialAction":[{"@type":"ReadAction","target":["https:\/\/www.zollas.de\/pl\/"]}]},{"@type":"BreadcrumbList","@id":"https:\/\/www.zollas.de\/pl\/#breadcrumb","itemListElement":[{"@type":"ListItem","position":1,"name":"Home","item":"https:\/\/www.zollas.de\/pl\/"},{"@type":"ListItem","position":2,"name":"Home"}]},{"@type":"WebSite","@id":"https:\/\/www.zollas.de\/pl\/#website","url":"https:\/\/www.zollas.de\/pl\/","name":"Zollas Verzollungen GmbH","description":"","potentialAction":[{"@type":"SearchAction","target":{"@type":"EntryPoint","urlTemplate":"https:\/\/www.zollas.de\/pl\/?s={search_term_string}"},"query-input":"required name=search_term_string"}],"inLanguage":"pl-PL"}]}},"_links":{"self":[{"href":"https:\/\/www.zollas.de\/pl\/wp-json\/wp\/v2\/pages\/333"}],"collection":[{"href":"https:\/\/www.zollas.de\/pl\/wp-json\/wp\/v2\/pages"}],"about":[{"href":"https:\/\/www.zollas.de\/pl\/wp-json\/wp\/v2\/types\/page"}],"author":[{"embeddable":true,"href":"https:\/\/www.zollas.de\/pl\/wp-json\/wp\/v2\/users\/1"}],"replies":[{"embeddable":true,"href":"https:\/\/www.zollas.de\/pl\/wp-json\/wp\/v2\/comments?post=333"}],"version-history":[{"count":10,"href":"https:\/\/www.zollas.de\/pl\/wp-json\/wp\/v2\/pages\/333\/revisions"}],"predecessor-version":[{"id":656,"href":"https:\/\/www.zollas.de\/pl\/wp-json\/wp\/v2\/pages\/333\/revisions\/656"}],"wp:attachment":[{"href":"https:\/\/www.zollas.de\/pl\/wp-json\/wp\/v2\/media?parent=333"}],"curies":[{"name":"wp","href":"https:\/\/api.w.org\/{rel}","templated":true}]}}